{"id":102,"date":"2025-05-20T13:42:05","date_gmt":"2025-05-20T13:42:05","guid":{"rendered":"https:\/\/dev2025.uvam-vs.ch\/?page_id=102"},"modified":"2026-02-17T14:46:12","modified_gmt":"2026-02-17T14:46:12","slug":"uvam-historique_role","status":"publish","type":"page","link":"https:\/\/uvam-vs.ch\/de\/uvam-historique_role\/","title":{"rendered":"Historique &#038; R\u00f4le"},"content":{"rendered":"<p>[et_pb_section fb_built=\u00a0\u00bb1&Prime; admin_label=\u00a0\u00bbHeader\u00a0\u00bb _builder_version=\u00a0\u00bb4.23.2&Prime; _module_preset=\u00a0\u00bbdefault\u00a0\u00bb background_color=\u00a0\u00bbgcid-fc7afca1-7302-4e55-829d-3d445387c282&Prime; locked=\u00a0\u00bboff\u00a0\u00bb collapsed=\u00a0\u00bbon\u00a0\u00bb global_colors_info=\u00a0\u00bb{%22gcid-fc7afca1-7302-4e55-829d-3d445387c282%22:%91%22background_color%22%93}\u00a0\u00bb][et_pb_row column_structure=\u00a0\u00bb2_5,3_5&Prime; use_custom_gutter=\u00a0\u00bbon\u00a0\u00bb gutter_width=\u00a0\u00bb1&Prime; make_equal=\u00a0\u00bbon\u00a0\u00bb _builder_version=\u00a0\u00bb4.27.4&Prime; _module_preset=\u00a0\u00bbdefault\u00a0\u00bb custom_padding=\u00a0\u00bb||0px|||\u00a0\u00bb locked=\u00a0\u00bboff\u00a0\u00bb global_colors_info=\u00a0\u00bb{}\u00a0\u00bb][et_pb_column type=\u00a0\u00bb2_5&Prime; _builder_version=\u00a0\u00bb4.27.4&Prime; _module_preset=\u00a0\u00bbdefault\u00a0\u00bb background_color=\u00a0\u00bbgcid-4b9eed5c-3d04-4887-bc15-8a2e9c2e3ea1&Prime; use_background_color_gradient=\u00a0\u00bbon\u00a0\u00bb background_color_gradient_stops=\u00a0\u00bbrgba(44,42,39,0.2) 0%|rgba(44,42,39,0.2) 100%\u00a0\u00bb background_color_gradient_overlays_image=\u00a0\u00bbon\u00a0\u00bb background_image=\u00a0\u00bbhttps:\/\/uvam-vs.ch\/wp-content\/uploads\/2026\/01\/Historique_100_UVAM.jpg\u00a0\u00bb parallax=\u00a0\u00bbon\u00a0\u00bb border_width_all=\u00a0\u00bb60px\u00a0\u00bb border_color_all=\u00a0\u00bb#e5e1df\u00a0\u00bb border_width_all_tablet=\u00a0\u00bb8vw\u00a0\u00bb border_width_all_phone=\u00a0\u00bb8vw\u00a0\u00bb border_width_all_last_edited=\u00a0\u00bbon|desktop\u00a0\u00bb box_shadow_spread_tablet=\u00a0\u00bb30px\u00a0\u00bb box_shadow_spread_phone=\u00a0\u00bb20px\u00a0\u00bb box_shadow_spread_last_edited=\u00a0\u00bboff|desktop\u00a0\u00bb global_colors_info=\u00a0\u00bb{%22gcid-4b9eed5c-3d04-4887-bc15-8a2e9c2e3ea1%22:%91%22background_color%22,%22box_shadow_color%22%93}\u00a0\u00bb][et_pb_divider show_divider=\u00a0\u00bboff\u00a0\u00bb _builder_version=\u00a0\u00bb4.23.2&Prime; _module_preset=\u00a0\u00bbdefault\u00a0\u00bb height_tablet=\u00a0\u00bb70vw\u00a0\u00bb height_phone=\u00a0\u00bb50vw\u00a0\u00bb height_last_edited=\u00a0\u00bbon|tablet\u00a0\u00bb global_colors_info=\u00a0\u00bb{}\u00a0\u00bb][\/et_pb_divider][\/et_pb_column][et_pb_column type=\u00a0\u00bb3_5&Prime; _builder_version=\u00a0\u00bb4.23.2&Prime; _module_preset=\u00a0\u00bbdefault\u00a0\u00bb background_color=\u00a0\u00bbgcid-33ba488a-a977-4fcb-9562-ca062f22498f\u00a0\u00bb custom_padding=\u00a0\u00bb200px|95px|200px|95px|true|true\u00a0\u00bb custom_padding_tablet=\u00a0\u00bb10vw|10vw|10vw|10vw|true|true\u00a0\u00bb custom_padding_phone=\u00a0\u00bb||||false|false\u00a0\u00bb custom_padding_last_edited=\u00a0\u00bbon|tablet\u00a0\u00bb mix_blend_mode=\u00a0\u00bbmultiply\u00a0\u00bb global_colors_info=\u00a0\u00bb{%22gcid-33ba488a-a977-4fcb-9562-ca062f22498f%22:%91%22background_color%22,%22background_color%22,%22background_color%22,%22background_color%22,%22background_color%22%93}\u00a0\u00bb][et_pb_divider show_divider=\u00a0\u00bboff\u00a0\u00bb _builder_version=\u00a0\u00bb4.23.2&Prime; _module_preset=\u00a0\u00bbdefault\u00a0\u00bb positioning=\u00a0\u00bbabsolute\u00a0\u00bb width=\u00a0\u00bb230px\u00a0\u00bb width_tablet=\u00a0\u00bb30%\u00a0\u00bb width_phone=\u00a0\u00bb30%\u00a0\u00bb width_last_edited=\u00a0\u00bbon|tablet\u00a0\u00bb height=\u00a0\u00bb230px\u00a0\u00bb height_tablet=\u00a0\u00bb40%\u00a0\u00bb height_phone=\u00a0\u00bbauto\u00a0\u00bb height_last_edited=\u00a0\u00bbon|phone\u00a0\u00bb custom_margin=\u00a0\u00bb170px|||60px|false|false\u00a0\u00bb custom_margin_tablet=\u00a0\u00bb5vw|||5vw|false|false\u00a0\u00bb custom_margin_phone=\u00a0\u00bb||||false|false\u00a0\u00bb custom_margin_last_edited=\u00a0\u00bbon|tablet\u00a0\u00bb border_color_all=\u00a0\u00bbrgba(255,255,255,0.4)\u00a0\u00bb border_width_top=\u00a0\u00bb1px\u00a0\u00bb border_width_left=\u00a0\u00bb1px\u00a0\u00bb global_colors_info=\u00a0\u00bb{}\u00a0\u00bb][\/et_pb_divider][et_pb_text _builder_version=\u00a0\u00bb4.27.4&Prime; _module_preset=\u00a0\u00bb_initial\u00a0\u00bb header_2_font=\u00a0\u00bbHedvig Letters Serif||||||||\u00a0\u00bb header_2_text_color=\u00a0\u00bb#FFFFFF\u00a0\u00bb header_2_font_size=\u00a0\u00bb52px\u00a0\u00bb header_2_line_height=\u00a0\u00bb1.2em\u00a0\u00bb custom_margin=\u00a0\u00bb||10px||false|false\u00a0\u00bb header_2_font_size_tablet=\u00a0\u00bb32px\u00a0\u00bb header_2_font_size_phone=\u00a0\u00bb20px\u00a0\u00bb header_2_font_size_last_edited=\u00a0\u00bbon|desktop\u00a0\u00bb locked=\u00a0\u00bboff\u00a0\u00bb global_colors_info=\u00a0\u00bb{}\u00a0\u00bb]<\/p>\n<h2>Historique<\/h2>\n<p>[\/et_pb_text][et_pb_text _builder_version=\u00a0\u00bb4.27.4&Prime; _module_preset=\u00a0\u00bb_initial\u00a0\u00bb text_font=\u00a0\u00bbInter||||||||\u00a0\u00bb text_text_color=\u00a0\u00bbrgba(255,255,255,0.7)\u00a0\u00bb text_font_size=\u00a0\u00bb16px\u00a0\u00bb text_line_height=\u00a0\u00bb1.8em\u00a0\u00bb text_font_size_tablet=\u00a0\u00bb15px\u00a0\u00bb text_font_size_phone=\u00a0\u00bb14px\u00a0\u00bb text_font_size_last_edited=\u00a0\u00bbon|desktop\u00a0\u00bb global_colors_info=\u00a0\u00bb{}\u00a0\u00bb]<\/p>\n<p style=\"text-align: justify;\"><span>En 1897, sous les auspices de Jean-Marie de Chastonay, ancien Conseiller d&rsquo;\u00c9tat, une assembl\u00e9e r\u00e9unissant des d\u00e9l\u00e9gu\u00e9s des soci\u00e9t\u00e9s de Monthey, Martigny, Sion, Lo\u00e8che et Brigue eut lieu \u00e0 Sion afin de discuter de la cr\u00e9ation de l&rsquo;Union valaisanne des arts et m\u00e9tiers.<\/span><\/p>\n<p style=\"text-align: justify;\"><span><\/span><\/p>\n<div class=\"gantry-width-50\" style=\"text-align: justify;\">\n<div class=\"right\">\n<p>Un comit\u00e9 constitu\u00e9 d\u2019Armand Contat, pr\u00e9sident, d\u2019Erasme de Courten, de Jacques Weiss, de Gratien Torrione et de Joseph Mutti a \u00e9t\u00e9 nomm\u00e9 ; la d\u00e9cision d\u2019entrer dans le giron f\u00e9d\u00e9ral (USAM) fut adopt\u00e9e, mais, h\u00e9las, l\u2019initiative ne donna plus signe de vie. Une deuxi\u00e8me tentative fut entreprise en 1905 \u00e0 l\u2019initiative de la soci\u00e9t\u00e9 de Sion.<span style=\"font-size: 16px;\"> Un projet de statuts fut \u00e9tabli, adopt\u00e9 en 1908 et un comit\u00e9 fut nomm\u00e9.<\/span><\/p>\n<p>En 1929, l&rsquo;UVAM fut renforc\u00e9e par les exigences des nouveaux statuts de l&rsquo;Union suisse des arts et m\u00e9tiers qui n\u2019acceptait plus de sections isol\u00e9es. Elle intensifie d\u00e8s lors son activit\u00e9. De nouveaux statuts furent \u00e9labor\u00e9s et accept\u00e9s lors d&rsquo;une s\u00e9ance qui eut lieu le 10 f\u00e9vrier \u00e0 Sion. L&rsquo;Union cantonale jetait alors de solides bases gr\u00e2ce aux efforts pers\u00e9v\u00e9rants de son pr\u00e9sident, M. Hallenbarter.<\/p>\n<p><span style=\"font-size: 16px;\">Tr\u00e8s active depuis lors, l&rsquo;UVAM, porte-parole des PME et relais de l&rsquo;USAM dans le canton, exer\u00e7a de nombreuses activit\u00e9s ayant trait \u00e0 des domaines vari\u00e9s tels que la formation professionnelle, l&rsquo;organisation de cours, les examens de fin d&rsquo;apprentissage, l&rsquo;\u00e9laboration de lois et de r\u00e9solutions servant directement ou indirectement le milieu des arts et m\u00e9tiers.<\/span><\/p>\n<\/div>\n<\/div>\n<div class=\"gantry-width-50\">\n<div class=\"left\">\n<p style=\"text-align: justify;\">Aujourd&rsquo;hui, l&rsquo;UVAM compte 35 associations professionnelles de tous les secteurs de l&rsquo;artisanat (h\u00f4tellerie, restauration, garage, vente, b\u00e2timent, etc.) dont 6 sections locales, plusieurs \u00e9tant plus que centenaires. Le Conseil est pr\u00e9sid\u00e9 depuis 2021 par le conseiller national Philipp Matthias Bregy.<\/p>\n<\/div>\n<\/div>\n<p>[\/et_pb_text][\/et_pb_column][\/et_pb_row][\/et_pb_section][et_pb_section fb_built=\u00a0\u00bb1&Prime; admin_label=\u00a0\u00bbVideo\u00a0\u00bb _builder_version=\u00a0\u00bb4.23.2&Prime; _module_preset=\u00a0\u00bbdefault\u00a0\u00bb background_color=\u00a0\u00bbgcid-fc7afca1-7302-4e55-829d-3d445387c282&Prime; collapsed=\u00a0\u00bbon\u00a0\u00bb global_colors_info=\u00a0\u00bb{%22gcid-fc7afca1-7302-4e55-829d-3d445387c282%22:%91%22background_color%22%93}\u00a0\u00bb][et_pb_row column_structure=\u00a0\u00bb1_2,1_2&Prime; _builder_version=\u00a0\u00bb4.23.2&Prime; _module_preset=\u00a0\u00bbdefault\u00a0\u00bb global_colors_info=\u00a0\u00bb{}\u00a0\u00bb][et_pb_column type=\u00a0\u00bb1_2&Prime; _builder_version=\u00a0\u00bb4.23.2&Prime; _module_preset=\u00a0\u00bbdefault\u00a0\u00bb global_colors_info=\u00a0\u00bb{}\u00a0\u00bb][et_pb_text _builder_version=\u00a0\u00bb4.27.4&Prime; _module_preset=\u00a0\u00bb_initial\u00a0\u00bb header_2_font=\u00a0\u00bbHedvig Letters Serif||||||||\u00a0\u00bb header_2_text_color=\u00a0\u00bbgcid-3c3581c1-f373-4686-aa51-f9f01c8ffd79&Prime; header_2_font_size=\u00a0\u00bb52px\u00a0\u00bb header_2_line_height=\u00a0\u00bb1.2em\u00a0\u00bb custom_margin=\u00a0\u00bb||10px||false|false\u00a0\u00bb header_2_font_size_tablet=\u00a0\u00bb32px\u00a0\u00bb header_2_font_size_phone=\u00a0\u00bb20px\u00a0\u00bb header_2_font_size_last_edited=\u00a0\u00bbon|desktop\u00a0\u00bb global_colors_info=\u00a0\u00bb{%22gcid-3c3581c1-f373-4686-aa51-f9f01c8ffd79%22:%91%22header_2_text_color%22%93}\u00a0\u00bb]<\/p>\n<h2>R\u00f4le dans le paysage \u00e9conomique valaisan<\/h2>\n<p>[\/et_pb_text][et_pb_image src=\u00a0\u00bbhttps:\/\/uvam-vs.ch\/wp-content\/uploads\/2026\/01\/100_UVAM_historique.jpg\u00a0\u00bb alt=\u00a0\u00bbUVAM &#8211; 100\u00e8me un anniversaire historique\u00a0\u00bb title_text=\u00a0\u00bb100_UVAM_historique\u00a0\u00bb _builder_version=\u00a0\u00bb4.27.4&Prime; _module_preset=\u00a0\u00bbdefault\u00a0\u00bb background_image=\u00a0\u00bbhttps:\/\/uvam-vs.ch\/wp-content\/uploads\/2025\/05\/P1020040-scaled.jpg\u00a0\u00bb global_colors_info=\u00a0\u00bb{}\u00a0\u00bb][\/et_pb_image][\/et_pb_column][et_pb_column type=\u00a0\u00bb1_2&Prime; _builder_version=\u00a0\u00bb4.23.2&Prime; _module_preset=\u00a0\u00bbdefault\u00a0\u00bb global_colors_info=\u00a0\u00bb{}\u00a0\u00bb][et_pb_text _builder_version=\u00a0\u00bb4.27.4&Prime; _module_preset=\u00a0\u00bb_initial\u00a0\u00bb text_font=\u00a0\u00bbInter||||||||\u00a0\u00bb text_text_color=\u00a0\u00bbgcid-75f8feef-8e89-48de-a593-3e169dc48f01&Prime; text_font_size=\u00a0\u00bb16px\u00a0\u00bb text_line_height=\u00a0\u00bb1.8em\u00a0\u00bb text_font_size_tablet=\u00a0\u00bb15px\u00a0\u00bb text_font_size_phone=\u00a0\u00bb14px\u00a0\u00bb text_font_size_last_edited=\u00a0\u00bbon|desktop\u00a0\u00bb global_colors_info=\u00a0\u00bb{%22gcid-75f8feef-8e89-48de-a593-3e169dc48f01%22:%91%22text_text_color%22%93}\u00a0\u00bb custom_padding=\u00a0\u00bb|||2px||\u00a0\u00bb]<\/p>\n<div class=\"gantry-width-50\">\n<div class=\"right\">\n<ul>\n<li>\n<p>Relais de l&rsquo;USAM dans le canton pour toutes les consultations de lois, d&rsquo;ordonnances et de r\u00e8glements \u00e9labor\u00e9s sur le plan f\u00e9d\u00e9ral.<\/p>\n<\/li>\n<li>\n<p>Porte-parole des PME du secteur des arts et m\u00e9tiers pour tous les objets soumis au vote populaire (Suisse et Valais).<\/p>\n<\/li>\n<li>\n<p>Collabore au d\u00e9veloppement des campagnes de votations qui touchent plus particuli\u00e8rement le secteur des arts et m\u00e9tiers.<\/p>\n<\/li>\n<li>\n<p>D\u00e9fense des int\u00e9r\u00eats patronaux et des PME, notamment sur les sujets touchant la formation professionnelle, l&#8217;emploi, les conditions de travail et les salaires, la fiscalit\u00e9, etc.<\/p>\n<\/li>\n<li>\n<p><span style=\"font-size: 16px;\">Interlocuteur des services de l&rsquo;\u00c9tat pour toutes les questions touchant le secteur des arts et m\u00e9tiers en g\u00e9n\u00e9ral (les sujets particuliers \u00e0 une profession \u00e9tant trait\u00e9s directement par cette derni\u00e8re).<\/span><\/p>\n<\/li>\n<li>\n<p><span style=\"font-size: 16px;\"><\/span><span style=\"font-size: 16px;\">L&rsquo;Union n&rsquo;intervient pas dans les affaires qui sont du ressort des associations ou sections membres. En revanche, \u00e0 leur demande, elle les assiste.<\/span><\/p>\n<\/li>\n<\/ul>\n<\/div>\n<\/div>\n<p>[\/et_pb_text][\/et_pb_column][\/et_pb_row][\/et_pb_section]<\/p>\n","protected":false},"excerpt":{"rendered":"<p>HistoriqueEn 1897, sous les auspices de Jean-Marie de Chastonay, ancien Conseiller d&rsquo;\u00c9tat, une assembl\u00e9e r\u00e9unissant des d\u00e9l\u00e9gu\u00e9s des soci\u00e9t\u00e9s de Monthey, Martigny, Sion, Lo\u00e8che et Brigue eut lieu \u00e0 Sion afin de discuter de la cr\u00e9ation de l&rsquo;Union valaisanne des arts et m\u00e9tiers. Un comit\u00e9 constitu\u00e9 d\u2019Armand Contat, pr\u00e9sident, d\u2019Erasme de Courten, de Jacques Weiss, [&hellip;]<\/p>\n","protected":false},"author":1,"featured_media":0,"parent":0,"menu_order":0,"comment_status":"closed","ping_status":"closed","template":"","meta":{"_et_pb_use_builder":"on","_et_pb_old_content":"","_et_gb_content_width":"","footnotes":""},"class_list":["post-102","page","type-page","status-publish","hentry"],"yoast_head":"<!-- This site is optimized with the Yoast SEO plugin v26.9 - https:\/\/yoast.com\/product\/yoast-seo-wordpress\/ -->\n<title>UVAM Historique et R\u00f4le<\/title>\n<meta name=\"description\" content=\"La cr\u00e9ation de l\u2019Union valaisanne des arts et m\u00e9tiers - UVAM s&#039;est discut\u00e9e en 1897, sous les auspices de Jean-Marie de Chastonay ...\" \/>\n<meta name=\"robots\" content=\"index, follow, max-snippet:-1, max-image-preview:large, max-video-preview:-1\" \/>\n<link rel=\"canonical\" href=\"https:\/\/uvam-vs.ch\/de\/uvam-historique_role\/\" \/>\n<meta property=\"og:locale\" content=\"de_DE\" \/>\n<meta property=\"og:type\" content=\"article\" \/>\n<meta property=\"og:title\" content=\"UVAM Historique et R\u00f4le\" \/>\n<meta property=\"og:description\" content=\"La cr\u00e9ation de l\u2019Union valaisanne des arts et m\u00e9tiers - UVAM s&#039;est discut\u00e9e en 1897, sous les auspices de Jean-Marie de Chastonay ...\" \/>\n<meta property=\"og:url\" content=\"https:\/\/uvam-vs.ch\/de\/uvam-historique_role\/\" \/>\n<meta property=\"og:site_name\" content=\"UVAM\" \/>\n<meta property=\"article:publisher\" content=\"https:\/\/www.facebook.com\/infouvam\" \/>\n<meta property=\"article:modified_time\" content=\"2026-02-17T14:46:12+00:00\" \/>\n<meta name=\"twitter:card\" content=\"summary_large_image\" \/>\n<meta name=\"twitter:label1\" content=\"Gesch\u00e4tzte Lesezeit\" \/>\n\t<meta name=\"twitter:data1\" content=\"3\u00a0Minuten\" \/>\n<script type=\"application\/ld+json\" class=\"yoast-schema-graph\">{\"@context\":\"https:\/\/schema.org\",\"@graph\":[{\"@type\":\"WebPage\",\"@id\":\"https:\/\/uvam-vs.ch\/uvam-historique_role\/\",\"url\":\"https:\/\/uvam-vs.ch\/uvam-historique_role\/\",\"name\":\"UVAM Historique et R\u00f4le\",\"isPartOf\":{\"@id\":\"https:\/\/uvam-vs.ch\/#website\"},\"datePublished\":\"2025-05-20T13:42:05+00:00\",\"dateModified\":\"2026-02-17T14:46:12+00:00\",\"description\":\"La cr\u00e9ation de l\u2019Union valaisanne des arts et m\u00e9tiers - UVAM s'est discut\u00e9e en 1897, sous les auspices de Jean-Marie de Chastonay ...\",\"breadcrumb\":{\"@id\":\"https:\/\/uvam-vs.ch\/uvam-historique_role\/#breadcrumb\"},\"inLanguage\":\"de\",\"potentialAction\":[{\"@type\":\"ReadAction\",\"target\":[\"https:\/\/uvam-vs.ch\/uvam-historique_role\/\"]}]},{\"@type\":\"BreadcrumbList\",\"@id\":\"https:\/\/uvam-vs.ch\/uvam-historique_role\/#breadcrumb\",\"itemListElement\":[{\"@type\":\"ListItem\",\"position\":1,\"name\":\"Accueil\",\"item\":\"https:\/\/uvam-vs.ch\/\"},{\"@type\":\"ListItem\",\"position\":2,\"name\":\"Historique &#038; R\u00f4le\"}]},{\"@type\":\"WebSite\",\"@id\":\"https:\/\/uvam-vs.ch\/#website\",\"url\":\"https:\/\/uvam-vs.ch\/\",\"name\":\"UVAM\",\"description\":\"\",\"publisher\":{\"@id\":\"https:\/\/uvam-vs.ch\/#organization\"},\"potentialAction\":[{\"@type\":\"SearchAction\",\"target\":{\"@type\":\"EntryPoint\",\"urlTemplate\":\"https:\/\/uvam-vs.ch\/?s={search_term_string}\"},\"query-input\":{\"@type\":\"PropertyValueSpecification\",\"valueRequired\":true,\"valueName\":\"search_term_string\"}}],\"inLanguage\":\"de\"},{\"@type\":\"Organization\",\"@id\":\"https:\/\/uvam-vs.ch\/#organization\",\"name\":\"UVAM\",\"url\":\"https:\/\/uvam-vs.ch\/\",\"logo\":{\"@type\":\"ImageObject\",\"inLanguage\":\"de\",\"@id\":\"https:\/\/uvam-vs.ch\/#\/schema\/logo\/image\/\",\"url\":\"https:\/\/uvam-vs.ch\/wp-content\/uploads\/2025\/06\/uvam-wgv_couleur.png\",\"contentUrl\":\"https:\/\/uvam-vs.ch\/wp-content\/uploads\/2025\/06\/uvam-wgv_couleur.png\",\"width\":1800,\"height\":1200,\"caption\":\"UVAM\"},\"image\":{\"@id\":\"https:\/\/uvam-vs.ch\/#\/schema\/logo\/image\/\"},\"sameAs\":[\"https:\/\/www.facebook.com\/infouvam\",\"https:\/\/www.linkedin.com\/company\/infouvam\"]}]}<\/script>\n<!-- \/ Yoast SEO plugin. -->","yoast_head_json":{"title":"UVAM Historique et R\u00f4le","description":"La cr\u00e9ation de l\u2019Union valaisanne des arts et m\u00e9tiers - UVAM s'est discut\u00e9e en 1897, sous les auspices de Jean-Marie de Chastonay ...","robots":{"index":"index","follow":"follow","max-snippet":"max-snippet:-1","max-image-preview":"max-image-preview:large","max-video-preview":"max-video-preview:-1"},"canonical":"https:\/\/uvam-vs.ch\/de\/uvam-historique_role\/","og_locale":"de_DE","og_type":"article","og_title":"UVAM Historique et R\u00f4le","og_description":"La cr\u00e9ation de l\u2019Union valaisanne des arts et m\u00e9tiers - UVAM s'est discut\u00e9e en 1897, sous les auspices de Jean-Marie de Chastonay ...","og_url":"https:\/\/uvam-vs.ch\/de\/uvam-historique_role\/","og_site_name":"UVAM","article_publisher":"https:\/\/www.facebook.com\/infouvam","article_modified_time":"2026-02-17T14:46:12+00:00","twitter_card":"summary_large_image","twitter_misc":{"Gesch\u00e4tzte Lesezeit":"3\u00a0Minuten"},"schema":{"@context":"https:\/\/schema.org","@graph":[{"@type":"WebPage","@id":"https:\/\/uvam-vs.ch\/uvam-historique_role\/","url":"https:\/\/uvam-vs.ch\/uvam-historique_role\/","name":"UVAM Historique et R\u00f4le","isPartOf":{"@id":"https:\/\/uvam-vs.ch\/#website"},"datePublished":"2025-05-20T13:42:05+00:00","dateModified":"2026-02-17T14:46:12+00:00","description":"La cr\u00e9ation de l\u2019Union valaisanne des arts et m\u00e9tiers - UVAM s'est discut\u00e9e en 1897, sous les auspices de Jean-Marie de Chastonay ...","breadcrumb":{"@id":"https:\/\/uvam-vs.ch\/uvam-historique_role\/#breadcrumb"},"inLanguage":"de","potentialAction":[{"@type":"ReadAction","target":["https:\/\/uvam-vs.ch\/uvam-historique_role\/"]}]},{"@type":"BreadcrumbList","@id":"https:\/\/uvam-vs.ch\/uvam-historique_role\/#breadcrumb","itemListElement":[{"@type":"ListItem","position":1,"name":"Accueil","item":"https:\/\/uvam-vs.ch\/"},{"@type":"ListItem","position":2,"name":"Historique &#038; R\u00f4le"}]},{"@type":"WebSite","@id":"https:\/\/uvam-vs.ch\/#website","url":"https:\/\/uvam-vs.ch\/","name":"WGV","description":"","publisher":{"@id":"https:\/\/uvam-vs.ch\/#organization"},"potentialAction":[{"@type":"SearchAction","target":{"@type":"EntryPoint","urlTemplate":"https:\/\/uvam-vs.ch\/?s={search_term_string}"},"query-input":{"@type":"PropertyValueSpecification","valueRequired":true,"valueName":"search_term_string"}}],"inLanguage":"de"},{"@type":"Organization","@id":"https:\/\/uvam-vs.ch\/#organization","name":"WGV","url":"https:\/\/uvam-vs.ch\/","logo":{"@type":"ImageObject","inLanguage":"de","@id":"https:\/\/uvam-vs.ch\/#\/schema\/logo\/image\/","url":"https:\/\/uvam-vs.ch\/wp-content\/uploads\/2025\/06\/uvam-wgv_couleur.png","contentUrl":"https:\/\/uvam-vs.ch\/wp-content\/uploads\/2025\/06\/uvam-wgv_couleur.png","width":1800,"height":1200,"caption":"UVAM"},"image":{"@id":"https:\/\/uvam-vs.ch\/#\/schema\/logo\/image\/"},"sameAs":["https:\/\/www.facebook.com\/infouvam","https:\/\/www.linkedin.com\/company\/infouvam"]}]}},"_links":{"self":[{"href":"https:\/\/uvam-vs.ch\/de\/wp-json\/wp\/v2\/pages\/102","targetHints":{"allow":["GET"]}}],"collection":[{"href":"https:\/\/uvam-vs.ch\/de\/wp-json\/wp\/v2\/pages"}],"about":[{"href":"https:\/\/uvam-vs.ch\/de\/wp-json\/wp\/v2\/types\/page"}],"author":[{"embeddable":true,"href":"https:\/\/uvam-vs.ch\/de\/wp-json\/wp\/v2\/users\/1"}],"replies":[{"embeddable":true,"href":"https:\/\/uvam-vs.ch\/de\/wp-json\/wp\/v2\/comments?post=102"}],"version-history":[{"count":27,"href":"https:\/\/uvam-vs.ch\/de\/wp-json\/wp\/v2\/pages\/102\/revisions"}],"predecessor-version":[{"id":1825,"href":"https:\/\/uvam-vs.ch\/de\/wp-json\/wp\/v2\/pages\/102\/revisions\/1825"}],"wp:attachment":[{"href":"https:\/\/uvam-vs.ch\/de\/wp-json\/wp\/v2\/media?parent=102"}],"curies":[{"name":"wp","href":"https:\/\/api.w.org\/{rel}","templated":true}]}}