{"id":237,"date":"2025-06-10T11:28:24","date_gmt":"2025-06-10T11:28:24","guid":{"rendered":"https:\/\/dev2025.uvam-vs.ch\/?page_id=237"},"modified":"2025-06-10T11:39:01","modified_gmt":"2025-06-10T11:39:01","slug":"rapport-dactivite","status":"publish","type":"page","link":"https:\/\/uvam-vs.ch\/de\/rapport-dactivite\/","title":{"rendered":"Rapport d&rsquo;activit\u00e9"},"content":{"rendered":"<p>[et_pb_section fb_built=\u00a0\u00bb1&Prime; _builder_version=\u00a0\u00bb4.27.4&Prime; _module_preset=\u00a0\u00bbdefault\u00a0\u00bb global_colors_info=\u00a0\u00bb{}\u00a0\u00bb][et_pb_row _builder_version=\u00a0\u00bb4.27.4&Prime; _module_preset=\u00a0\u00bbdefault\u00a0\u00bb width=\u00a0\u00bb100%\u00a0\u00bb max_width=\u00a0\u00bb1784px\u00a0\u00bb module_alignment=\u00a0\u00bbcenter\u00a0\u00bb custom_padding=\u00a0\u00bb|||0px||\u00a0\u00bb hover_enabled=\u00a0\u00bb0&Prime; global_colors_info=\u00a0\u00bb{}\u00a0\u00bb sticky_enabled=\u00a0\u00bb0&Prime;][et_pb_column type=\u00a0\u00bb4_4&Prime; _builder_version=\u00a0\u00bb4.27.4&Prime; _module_preset=\u00a0\u00bbdefault\u00a0\u00bb global_colors_info=\u00a0\u00bb{}\u00a0\u00bb][et_pb_code _builder_version=\u00a0\u00bb4.27.4&Prime; _module_preset=\u00a0\u00bbdefault\u00a0\u00bb width=\u00a0\u00bb100%\u00a0\u00bb custom_padding=\u00a0\u00bb|||0px||\u00a0\u00bb hover_enabled=\u00a0\u00bb0&Prime; global_colors_info=\u00a0\u00bb{}\u00a0\u00bb sticky_enabled=\u00a0\u00bb0&Prime;]<\/p>\n<div style=\"position:relative;padding-top:max(60%,324px);width:100%;height:0;\"><iframe style=\"position:absolute;border:none;width:100%;height:100%;left:0;top:0;\" src=\"https:\/\/online.fliphtml5.com\/obpgx\/gucv\/\"  seamless=\"seamless\" scrolling=\"no\" frameborder=\"0\" allowtransparency=\"true\" allowfullscreen=\"true\" ><\/iframe><\/div>\n<p><!-- [et_pb_line_break_holder] -->[\/et_pb_code][\/et_pb_column][\/et_pb_row][\/et_pb_section][et_pb_section fb_built=\u00a0\u00bb1&Prime; admin_label=\u00a0\u00bbVideo\u00a0\u00bb _builder_version=\u00a0\u00bb4.23.2&Prime; _module_preset=\u00a0\u00bbdefault\u00a0\u00bb background_color=\u00a0\u00bbgcid-fc7afca1-7302-4e55-829d-3d445387c282&Prime; min_height=\u00a0\u00bb583.4px\u00a0\u00bb custom_margin=\u00a0\u00bb-2px||194px|||\u00a0\u00bb custom_padding=\u00a0\u00bb77px|||||\u00a0\u00bb collapsed=\u00a0\u00bbon\u00a0\u00bb global_colors_info=\u00a0\u00bb{%22gcid-fc7afca1-7302-4e55-829d-3d445387c282%22:%91%22background_color%22%93}\u00a0\u00bb][\/et_pb_section][et_pb_section fb_built=\u00a0\u00bb1&Prime; admin_label=\u00a0\u00bbFeature\u00a0\u00bb _builder_version=\u00a0\u00bb4.27.4&Prime; _module_preset=\u00a0\u00bbdefault\u00a0\u00bb background_color=\u00a0\u00bbgcid-fc7afca1-7302-4e55-829d-3d445387c282&Prime; background_image=\u00a0\u00bbhttps:\/\/uvam-vs.ch\/wp-content\/uploads\/2025\/05\/banner_etoileVS_png.png\u00a0\u00bb background_size=\u00a0\u00bbinitial\u00a0\u00bb custom_margin=\u00a0\u00bb-715px|||||\u00a0\u00bb collapsed=\u00a0\u00bbon\u00a0\u00bb global_colors_info=\u00a0\u00bb{%22gcid-fc7afca1-7302-4e55-829d-3d445387c282%22:%91%22background_color%22%93}\u00a0\u00bb][et_pb_row _builder_version=\u00a0\u00bb4.27.4&Prime; _module_preset=\u00a0\u00bbdefault\u00a0\u00bb background_color=\u00a0\u00bbrgba(195,22,34,0.91)\u00a0\u00bb width=\u00a0\u00bb100%\u00a0\u00bb custom_padding=\u00a0\u00bb|25px||25px|false|false\u00a0\u00bb global_colors_info=\u00a0\u00bb{}\u00a0\u00bb][et_pb_column type=\u00a0\u00bb4_4&Prime; _builder_version=\u00a0\u00bb4.27.4&Prime; _module_preset=\u00a0\u00bbdefault\u00a0\u00bb global_colors_info=\u00a0\u00bb{}\u00a0\u00bb][et_pb_text _builder_version=\u00a0\u00bb4.27.4&Prime; _module_preset=\u00a0\u00bb74e10543-47ad-4dbf-9925-bcd12d5ba5ad\u00a0\u00bb header_2_text_color=\u00a0\u00bb#FFFFFF\u00a0\u00bb header_2_font_size=\u00a0\u00bb72px\u00a0\u00bb custom_margin=\u00a0\u00bb||10px||false|false\u00a0\u00bb global_colors_info=\u00a0\u00bb{}\u00a0\u00bb]<\/p>\n<h2>Derni\u00e8res \u00e9ditions<\/h2>\n<p>[\/et_pb_text][et_pb_text _builder_version=\u00a0\u00bb4.27.4&Prime; _module_preset=\u00a0\u00bbf34ee66a-6ea7-4cd7-a86e-96ccb72f8cf4&Prime; text_text_color=\u00a0\u00bbrgba(255,255,255,0.7)\u00a0\u00bb custom_padding=\u00a0\u00bb15px|25px||25px|false|false\u00a0\u00bb hover_enabled=\u00a0\u00bb0&Prime; sticky_enabled=\u00a0\u00bb0&Prime;]<\/p>\n<div>\n<p><span style=\"color: #ffffff;\"><a href=\"https:\/\/uvam-vs.ch\/wp-content\/uploads\/2025\/06\/rapport_activite_uvam_2021.pdf\" target=\"_blank\" rel=\"noopener\" style=\"color: #ffffff;\">Rapport d&rsquo;activit\u00e9 UVAM 2021<\/a><\/span><\/p>\n<p><span style=\"color: #ffffff;\"><a href=\"https:\/\/uvam-vs.ch\/wp-content\/uploads\/2025\/06\/rapport_activite_uvam_2018.pdf\" target=\"_blank\" rel=\"noopener\" style=\"color: #ffffff;\">Rapport d&rsquo;activit\u00e9 UVAM 2018<\/a><\/span><\/p>\n<p><span style=\"color: #ffffff;\"><a href=\"https:\/\/uvam-vs.ch\/wp-content\/uploads\/2025\/06\/rapport_activite_uvam_2015.pdf\" target=\"_blank\" rel=\"noopener\" style=\"color: #ffffff;\">Rapport d&rsquo;activit\u00e9 UVAM 2015<\/a><\/span><\/p>\n<p><span style=\"color: #ffffff;\"><a href=\"https:\/\/uvam-vs.ch\/wp-content\/uploads\/2025\/06\/rapport_activite_uvam_2012.pdf\" target=\"_blank\" rel=\"noopener\" style=\"color: #ffffff;\">Rapport d&rsquo;activit\u00e9 UVAM 2012<\/a><\/span><\/p>\n<p><span style=\"color: #ffffff;\"><a href=\"https:\/\/uvam-vs.ch\/images\/PDF\/rapport_activites\/rapport_activite_uvam_2006_2009.pdf\" target=\"_blank\" rel=\"noopener\" style=\"color: #ffffff;\">Rapport d&rsquo;activit\u00e9 UVAM 2009<\/a><\/span><\/p>\n<\/div>\n<div><\/div>\n<p>[\/et_pb_text][\/et_pb_column][\/et_pb_row][\/et_pb_section]<\/p>\n","protected":false},"excerpt":{"rendered":"<p>Derni\u00e8res \u00e9ditions Rapport d&rsquo;activit\u00e9 UVAM 2021 Rapport d&rsquo;activit\u00e9 UVAM 2018 Rapport d&rsquo;activit\u00e9 UVAM 2015 Rapport d&rsquo;activit\u00e9 UVAM 2012 Rapport d&rsquo;activit\u00e9 UVAM 2009<\/p>","protected":false},"author":1,"featured_media":0,"parent":0,"menu_order":0,"comment_status":"closed","ping_status":"closed","template":"","meta":{"_et_pb_use_builder":"on","_et_pb_old_content":"","_et_gb_content_width":"","footnotes":""},"class_list":["post-237","page","type-page","status-publish","hentry"],"yoast_head":"<!-- This site is optimized with the Yoast SEO plugin v26.9 - https:\/\/yoast.com\/product\/yoast-seo-wordpress\/ -->\n<title>Rapport d&#039;activit\u00e9 - UVAM<\/title>\n<meta name=\"robots\" content=\"index, follow, max-snippet:-1, max-image-preview:large, max-video-preview:-1\" \/>\n<link rel=\"canonical\" href=\"https:\/\/uvam-vs.ch\/de\/rapport-dactivite\/\" \/>\n<meta property=\"og:locale\" content=\"de_DE\" \/>\n<meta property=\"og:type\" content=\"article\" \/>\n<meta property=\"og:title\" content=\"Rapport d&#039;activit\u00e9 - UVAM\" \/>\n<meta property=\"og:description\" content=\"Derni\u00e8res \u00e9ditions Rapport d&#039;activit\u00e9 UVAM 2021 Rapport d&#039;activit\u00e9 UVAM 2018 Rapport d&#039;activit\u00e9 UVAM 2015 Rapport d&#039;activit\u00e9 UVAM 2012 Rapport d&#039;activit\u00e9 UVAM 2009\" \/>\n<meta property=\"og:url\" content=\"https:\/\/uvam-vs.ch\/de\/rapport-dactivite\/\" \/>\n<meta property=\"og:site_name\" content=\"UVAM\" \/>\n<meta property=\"article:publisher\" content=\"https:\/\/www.facebook.com\/infouvam\" \/>\n<meta property=\"article:modified_time\" content=\"2025-06-10T11:39:01+00:00\" \/>\n<meta name=\"twitter:card\" content=\"summary_large_image\" \/>\n<meta name=\"twitter:label1\" content=\"Gesch\u00e4tzte Lesezeit\" \/>\n\t<meta name=\"twitter:data1\" content=\"2\u00a0Minuten\" \/>\n<script type=\"application\/ld+json\" class=\"yoast-schema-graph\">{\"@context\":\"https:\/\/schema.org\",\"@graph\":[{\"@type\":\"WebPage\",\"@id\":\"https:\/\/uvam-vs.ch\/rapport-dactivite\/\",\"url\":\"https:\/\/uvam-vs.ch\/rapport-dactivite\/\",\"name\":\"Rapport d'activit\u00e9 - UVAM\",\"isPartOf\":{\"@id\":\"https:\/\/uvam-vs.ch\/#website\"},\"datePublished\":\"2025-06-10T11:28:24+00:00\",\"dateModified\":\"2025-06-10T11:39:01+00:00\",\"breadcrumb\":{\"@id\":\"https:\/\/uvam-vs.ch\/rapport-dactivite\/#breadcrumb\"},\"inLanguage\":\"de\",\"potentialAction\":[{\"@type\":\"ReadAction\",\"target\":[\"https:\/\/uvam-vs.ch\/rapport-dactivite\/\"]}]},{\"@type\":\"BreadcrumbList\",\"@id\":\"https:\/\/uvam-vs.ch\/rapport-dactivite\/#breadcrumb\",\"itemListElement\":[{\"@type\":\"ListItem\",\"position\":1,\"name\":\"Accueil\",\"item\":\"https:\/\/uvam-vs.ch\/\"},{\"@type\":\"ListItem\",\"position\":2,\"name\":\"Rapport d&rsquo;activit\u00e9\"}]},{\"@type\":\"WebSite\",\"@id\":\"https:\/\/uvam-vs.ch\/#website\",\"url\":\"https:\/\/uvam-vs.ch\/\",\"name\":\"UVAM\",\"description\":\"\",\"publisher\":{\"@id\":\"https:\/\/uvam-vs.ch\/#organization\"},\"potentialAction\":[{\"@type\":\"SearchAction\",\"target\":{\"@type\":\"EntryPoint\",\"urlTemplate\":\"https:\/\/uvam-vs.ch\/?s={search_term_string}\"},\"query-input\":{\"@type\":\"PropertyValueSpecification\",\"valueRequired\":true,\"valueName\":\"search_term_string\"}}],\"inLanguage\":\"de\"},{\"@type\":\"Organization\",\"@id\":\"https:\/\/uvam-vs.ch\/#organization\",\"name\":\"UVAM\",\"url\":\"https:\/\/uvam-vs.ch\/\",\"logo\":{\"@type\":\"ImageObject\",\"inLanguage\":\"de\",\"@id\":\"https:\/\/uvam-vs.ch\/#\/schema\/logo\/image\/\",\"url\":\"https:\/\/uvam-vs.ch\/wp-content\/uploads\/2025\/06\/uvam-wgv_couleur.png\",\"contentUrl\":\"https:\/\/uvam-vs.ch\/wp-content\/uploads\/2025\/06\/uvam-wgv_couleur.png\",\"width\":1800,\"height\":1200,\"caption\":\"UVAM\"},\"image\":{\"@id\":\"https:\/\/uvam-vs.ch\/#\/schema\/logo\/image\/\"},\"sameAs\":[\"https:\/\/www.facebook.com\/infouvam\",\"https:\/\/www.linkedin.com\/company\/infouvam\"]}]}<\/script>\n<!-- \/ Yoast SEO plugin. -->","yoast_head_json":{"title":"Rapport d'activit\u00e9 - UVAM","robots":{"index":"index","follow":"follow","max-snippet":"max-snippet:-1","max-image-preview":"max-image-preview:large","max-video-preview":"max-video-preview:-1"},"canonical":"https:\/\/uvam-vs.ch\/de\/rapport-dactivite\/","og_locale":"de_DE","og_type":"article","og_title":"Rapport d'activit\u00e9 - UVAM","og_description":"Derni\u00e8res \u00e9ditions Rapport d'activit\u00e9 UVAM 2021 Rapport d'activit\u00e9 UVAM 2018 Rapport d'activit\u00e9 UVAM 2015 Rapport d'activit\u00e9 UVAM 2012 Rapport d'activit\u00e9 UVAM 2009","og_url":"https:\/\/uvam-vs.ch\/de\/rapport-dactivite\/","og_site_name":"UVAM","article_publisher":"https:\/\/www.facebook.com\/infouvam","article_modified_time":"2025-06-10T11:39:01+00:00","twitter_card":"summary_large_image","twitter_misc":{"Gesch\u00e4tzte Lesezeit":"2\u00a0Minuten"},"schema":{"@context":"https:\/\/schema.org","@graph":[{"@type":"WebPage","@id":"https:\/\/uvam-vs.ch\/rapport-dactivite\/","url":"https:\/\/uvam-vs.ch\/rapport-dactivite\/","name":"Rapport d'activit\u00e9 - UVAM","isPartOf":{"@id":"https:\/\/uvam-vs.ch\/#website"},"datePublished":"2025-06-10T11:28:24+00:00","dateModified":"2025-06-10T11:39:01+00:00","breadcrumb":{"@id":"https:\/\/uvam-vs.ch\/rapport-dactivite\/#breadcrumb"},"inLanguage":"de","potentialAction":[{"@type":"ReadAction","target":["https:\/\/uvam-vs.ch\/rapport-dactivite\/"]}]},{"@type":"BreadcrumbList","@id":"https:\/\/uvam-vs.ch\/rapport-dactivite\/#breadcrumb","itemListElement":[{"@type":"ListItem","position":1,"name":"Accueil","item":"https:\/\/uvam-vs.ch\/"},{"@type":"ListItem","position":2,"name":"Rapport d&rsquo;activit\u00e9"}]},{"@type":"WebSite","@id":"https:\/\/uvam-vs.ch\/#website","url":"https:\/\/uvam-vs.ch\/","name":"WGV","description":"","publisher":{"@id":"https:\/\/uvam-vs.ch\/#organization"},"potentialAction":[{"@type":"SearchAction","target":{"@type":"EntryPoint","urlTemplate":"https:\/\/uvam-vs.ch\/?s={search_term_string}"},"query-input":{"@type":"PropertyValueSpecification","valueRequired":true,"valueName":"search_term_string"}}],"inLanguage":"de"},{"@type":"Organization","@id":"https:\/\/uvam-vs.ch\/#organization","name":"WGV","url":"https:\/\/uvam-vs.ch\/","logo":{"@type":"ImageObject","inLanguage":"de","@id":"https:\/\/uvam-vs.ch\/#\/schema\/logo\/image\/","url":"https:\/\/uvam-vs.ch\/wp-content\/uploads\/2025\/06\/uvam-wgv_couleur.png","contentUrl":"https:\/\/uvam-vs.ch\/wp-content\/uploads\/2025\/06\/uvam-wgv_couleur.png","width":1800,"height":1200,"caption":"UVAM"},"image":{"@id":"https:\/\/uvam-vs.ch\/#\/schema\/logo\/image\/"},"sameAs":["https:\/\/www.facebook.com\/infouvam","https:\/\/www.linkedin.com\/company\/infouvam"]}]}},"_links":{"self":[{"href":"https:\/\/uvam-vs.ch\/de\/wp-json\/wp\/v2\/pages\/237","targetHints":{"allow":["GET"]}}],"collection":[{"href":"https:\/\/uvam-vs.ch\/de\/wp-json\/wp\/v2\/pages"}],"about":[{"href":"https:\/\/uvam-vs.ch\/de\/wp-json\/wp\/v2\/types\/page"}],"author":[{"embeddable":true,"href":"https:\/\/uvam-vs.ch\/de\/wp-json\/wp\/v2\/users\/1"}],"replies":[{"embeddable":true,"href":"https:\/\/uvam-vs.ch\/de\/wp-json\/wp\/v2\/comments?post=237"}],"version-history":[{"count":3,"href":"https:\/\/uvam-vs.ch\/de\/wp-json\/wp\/v2\/pages\/237\/revisions"}],"predecessor-version":[{"id":249,"href":"https:\/\/uvam-vs.ch\/de\/wp-json\/wp\/v2\/pages\/237\/revisions\/249"}],"wp:attachment":[{"href":"https:\/\/uvam-vs.ch\/de\/wp-json\/wp\/v2\/media?parent=237"}],"curies":[{"name":"wp","href":"https:\/\/api.w.org\/{rel}","templated":true}]}}