{"id":257,"date":"2025-06-10T11:58:59","date_gmt":"2025-06-10T11:58:59","guid":{"rendered":"https:\/\/dev2025.uvam-vs.ch\/?page_id=257"},"modified":"2026-02-04T08:35:18","modified_gmt":"2026-02-04T08:35:18","slug":"postes-vacants","status":"publish","type":"page","link":"https:\/\/uvam-vs.ch\/de\/postes-vacants\/","title":{"rendered":"Offene Stellen"},"content":{"rendered":"<p>[et_pb_section fb_built=\u00a0\u00bb1&Prime; admin_label=\u00a0\u00bbVideo\u00a0\u00bb _builder_version=\u00a0\u00bb4.23.2&Prime; _module_preset=\u00a0\u00bbdefault\u00a0\u00bb background_color=\u00a0\u00bbgcid-fc7afca1-7302-4e55-829d-3d445387c282&Prime; custom_margin=\u00a0\u00bb||-90px|||\u00a0\u00bb collapsed=\u00a0\u00bbon\u00a0\u00bb global_colors_info=\u00a0\u00bb{%22gcid-fc7afca1-7302-4e55-829d-3d445387c282%22:%91%22background_color%22%93}\u00a0\u00bb][et_pb_row column_structure=\u00a0\u00bb1_2,1_2&Prime; _builder_version=\u00a0\u00bb4.23.2&Prime; _module_preset=\u00a0\u00bbdefault\u00a0\u00bb global_colors_info=\u00a0\u00bb{}\u00a0\u00bb][et_pb_column type=\u00a0\u00bb1_2&Prime; _builder_version=\u00a0\u00bb4.23.2&Prime; _module_preset=\u00a0\u00bbdefault\u00a0\u00bb global_colors_info=\u00a0\u00bb{}\u00a0\u00bb][et_pb_text _builder_version=\u00a0\u00bb4.27.4&Prime; _module_preset=\u00a0\u00bb_initial\u00a0\u00bb header_2_font=\u00a0\u00bbHedvig Letters Serif||||||||\u00a0\u00bb header_2_text_color=\u00a0\u00bbgcid-3c3581c1-f373-4686-aa51-f9f01c8ffd79&Prime; header_2_font_size=\u00a0\u00bb52px\u00a0\u00bb header_2_line_height=\u00a0\u00bb1.2em\u00a0\u00bb custom_margin=\u00a0\u00bb||10px||false|false\u00a0\u00bb header_2_font_size_tablet=\u00a0\u00bb32px\u00a0\u00bb header_2_font_size_phone=\u00a0\u00bb20px\u00a0\u00bb header_2_font_size_last_edited=\u00a0\u00bbon|desktop\u00a0\u00bb global_colors_info=\u00a0\u00bb{%22gcid-3c3581c1-f373-4686-aa51-f9f01c8ffd79%22:%91%22header_2_text_color%22%93}\u00a0\u00bb]<\/p>\n<h2>Obligation d&rsquo;annonce de postes vacants<\/h2>\n<p>[\/et_pb_text][\/et_pb_column][et_pb_column type=\u00a0\u00bb1_2&Prime; _builder_version=\u00a0\u00bb4.23.2&Prime; _module_preset=\u00a0\u00bbdefault\u00a0\u00bb global_colors_info=\u00a0\u00bb{}\u00a0\u00bb][et_pb_text _builder_version=\u00a0\u00bb4.27.4&Prime; _module_preset=\u00a0\u00bb_initial\u00a0\u00bb text_font=\u00a0\u00bbInter||||||||\u00a0\u00bb text_text_color=\u00a0\u00bbgcid-75f8feef-8e89-48de-a593-3e169dc48f01&Prime; text_font_size=\u00a0\u00bb16px\u00a0\u00bb text_line_height=\u00a0\u00bb1.8em\u00a0\u00bb hover_enabled=\u00a0\u00bb0&Prime; text_font_size_tablet=\u00a0\u00bb15px\u00a0\u00bb text_font_size_phone=\u00a0\u00bb14px\u00a0\u00bb text_font_size_last_edited=\u00a0\u00bbon|desktop\u00a0\u00bb global_colors_info=\u00a0\u00bb{%22gcid-75f8feef-8e89-48de-a593-3e169dc48f01%22:%91%22text_text_color%22%93}\u00a0\u00bb sticky_enabled=\u00a0\u00bb0&Prime;]<\/p>\n<div class=\"gantry-width-50\">\n<div class=\"right\">\n<p data-start=\"364\" data-end=\"595\">Chaque ann\u00e9e, les autorit\u00e9s actualisent la liste des genres de professions soumis \u00e0 l\u2019obligation d\u2019annonce durant le dernier trimestre. Cette liste s\u2019applique ensuite du 1er janvier au 31 d\u00e9cembre de l\u2019ann\u00e9e suivante.<\/p>\n<p data-start=\"602\" data-end=\"777\">Le taux de ch\u00f4mage constitue le seul crit\u00e8re. Lorsqu\u2019il atteint au moins 5 % dans un genre de professions, l\u2019obligation d\u2019annonce s\u2019applique automatiquement.<\/p>\n<p data-start=\"784\" data-end=\"1016\">Les entreprises peuvent annoncer leurs postes vacants simplement et rapidement. Elles le font en ligne, par l\u2019interm\u00e9diaire du portail de travail Swiss, ou directement aupr\u00e8s de l\u2019ORP, par t\u00e9l\u00e9phone ou en personne.<\/p>\n<p><a href=\"https:\/\/www.arbeit.swiss\/secoalv\/fr\/home\/menue\/unternehmen\/stellenmeldepflicht\/stellenmeldepflicht-ab-2026.html\" target=\"_blank\" rel=\"noopener\" title=\"Liste des genres de professions soumis \u00e0 l\u2019obligation d\u2019annonce\"><span>Consulter la liste des genres de professions soumis \u00e0 l\u2019obligation d\u2019annonce : <\/span><strong>ici<\/strong><\/a><\/p>\n<\/div>\n<\/div>\n<div class=\"gantry-width-50\">\n<div class=\"left\"><\/div>\n<\/div>\n<p>[\/et_pb_text][\/et_pb_column][\/et_pb_row][\/et_pb_section][et_pb_section fb_built=\u00a0\u00bb1&Prime; admin_label=\u00a0\u00bbVideo\u00a0\u00bb _builder_version=\u00a0\u00bb4.23.2&Prime; _module_preset=\u00a0\u00bbdefault\u00a0\u00bb background_color=\u00a0\u00bbgcid-fc7afca1-7302-4e55-829d-3d445387c282&Prime; min_height=\u00a0\u00bb583.4px\u00a0\u00bb custom_margin=\u00a0\u00bb-2px||194px|||\u00a0\u00bb custom_padding=\u00a0\u00bb77px|||||\u00a0\u00bb collapsed=\u00a0\u00bbon\u00a0\u00bb global_colors_info=\u00a0\u00bb{%22gcid-fc7afca1-7302-4e55-829d-3d445387c282%22:%91%22background_color%22%93}\u00a0\u00bb][\/et_pb_section][et_pb_section fb_built=\u00a0\u00bb1&Prime; admin_label=\u00a0\u00bbFeature\u00a0\u00bb _builder_version=\u00a0\u00bb4.27.4&Prime; _module_preset=\u00a0\u00bbdefault\u00a0\u00bb background_color=\u00a0\u00bbgcid-fc7afca1-7302-4e55-829d-3d445387c282&Prime; background_image=\u00a0\u00bbhttps:\/\/uvam-vs.ch\/wp-content\/uploads\/2025\/05\/banner_etoileVS_png.png\u00a0\u00bb background_size=\u00a0\u00bbinitial\u00a0\u00bb custom_margin=\u00a0\u00bb-715px|||||\u00a0\u00bb collapsed=\u00a0\u00bbon\u00a0\u00bb global_colors_info=\u00a0\u00bb{%22gcid-fc7afca1-7302-4e55-829d-3d445387c282%22:%91%22background_color%22%93}\u00a0\u00bb][et_pb_row _builder_version=\u00a0\u00bb4.27.4&Prime; _module_preset=\u00a0\u00bbdefault\u00a0\u00bb background_color=\u00a0\u00bbrgba(195,22,34,0.91)\u00a0\u00bb width=\u00a0\u00bb100%\u00a0\u00bb custom_padding=\u00a0\u00bb|25px||25px|false|false\u00a0\u00bb global_colors_info=\u00a0\u00bb{}\u00a0\u00bb][et_pb_column type=\u00a0\u00bb4_4&Prime; _builder_version=\u00a0\u00bb4.27.4&Prime; _module_preset=\u00a0\u00bbdefault\u00a0\u00bb global_colors_info=\u00a0\u00bb{}\u00a0\u00bb][et_pb_video src=\u00a0\u00bbhttps:\/\/www.youtube.com\/watch?v=ZgCUaituk_w\u00a0\u00bb module_class=\u00a0\u00bbvideo-fr\u00a0\u00bb _builder_version=\u00a0\u00bb4.27.4&Prime; _module_preset=\u00a0\u00bbdefault\u00a0\u00bb global_colors_info=\u00a0\u00bb{}\u00a0\u00bb][\/et_pb_video][et_pb_video src=\u00a0\u00bbhttps:\/\/www.youtube.com\/watch?v=qJCl2i7-Bsw\u00a0\u00bb module_class=\u00a0\u00bbvideo-de\u00a0\u00bb _builder_version=\u00a0\u00bb4.27.4&Prime; _module_preset=\u00a0\u00bbdefault\u00a0\u00bb global_colors_info=\u00a0\u00bb{}\u00a0\u00bb][\/et_pb_video][\/et_pb_column][\/et_pb_row][et_pb_row _builder_version=\u00a0\u00bb4.27.4&Prime; _module_preset=\u00a0\u00bbdefault\u00a0\u00bb global_colors_info=\u00a0\u00bb{}\u00a0\u00bb][et_pb_column type=\u00a0\u00bb4_4&Prime; _builder_version=\u00a0\u00bb4.27.4&Prime; _module_preset=\u00a0\u00bbdefault\u00a0\u00bb global_colors_info=\u00a0\u00bb{}\u00a0\u00bb][\/et_pb_column][\/et_pb_row][\/et_pb_section]<\/p>\n","protected":false},"excerpt":{"rendered":"<p>Obligation d&rsquo;annonce de postes vacants Chaque ann\u00e9e, les autorit\u00e9s actualisent la liste des genres de professions soumis \u00e0 l\u2019obligation d\u2019annonce durant le dernier trimestre. Cette liste s\u2019applique ensuite du 1er janvier au 31 d\u00e9cembre de l\u2019ann\u00e9e suivante. Le taux de ch\u00f4mage constitue le seul crit\u00e8re. Lorsqu\u2019il atteint au moins 5 % dans un genre de [&hellip;]<\/p>\n","protected":false},"author":1,"featured_media":0,"parent":0,"menu_order":0,"comment_status":"closed","ping_status":"closed","template":"","meta":{"_et_pb_use_builder":"on","_et_pb_old_content":"","_et_gb_content_width":"","footnotes":""},"class_list":["post-257","page","type-page","status-publish","hentry"],"yoast_head":"<!-- This site is optimized with the Yoast SEO plugin v26.9 - https:\/\/yoast.com\/product\/yoast-seo-wordpress\/ -->\n<title>Postes vacants dans les entreprises valaisannes<\/title>\n<meta name=\"description\" content=\"Chaque entreprise a l&#039;obligation d\u2019annonce de postes vacants. Le crit\u00e8re qui d\u00e9termine qu\u2019un genre de professions est soumis \u00e0 ...\" \/>\n<meta name=\"robots\" content=\"index, follow, max-snippet:-1, max-image-preview:large, max-video-preview:-1\" \/>\n<link rel=\"canonical\" href=\"https:\/\/uvam-vs.ch\/de\/postes-vacants\/\" \/>\n<meta property=\"og:locale\" content=\"de_DE\" \/>\n<meta property=\"og:type\" content=\"article\" \/>\n<meta property=\"og:title\" content=\"Postes vacants dans les entreprises valaisannes\" \/>\n<meta property=\"og:description\" content=\"Chaque entreprise a l&#039;obligation d\u2019annonce de postes vacants. Le crit\u00e8re qui d\u00e9termine qu\u2019un genre de professions est soumis \u00e0 ...\" \/>\n<meta property=\"og:url\" content=\"https:\/\/uvam-vs.ch\/de\/postes-vacants\/\" \/>\n<meta property=\"og:site_name\" content=\"UVAM\" \/>\n<meta property=\"article:publisher\" content=\"https:\/\/www.facebook.com\/infouvam\" \/>\n<meta property=\"article:modified_time\" content=\"2026-02-04T08:35:18+00:00\" \/>\n<meta name=\"twitter:card\" content=\"summary_large_image\" \/>\n<meta name=\"twitter:label1\" content=\"Gesch\u00e4tzte Lesezeit\" \/>\n\t<meta name=\"twitter:data1\" content=\"1\u00a0Minute\" \/>\n<script type=\"application\/ld+json\" class=\"yoast-schema-graph\">{\"@context\":\"https:\/\/schema.org\",\"@graph\":[{\"@type\":\"WebPage\",\"@id\":\"https:\/\/uvam-vs.ch\/postes-vacants\/\",\"url\":\"https:\/\/uvam-vs.ch\/postes-vacants\/\",\"name\":\"Postes vacants dans les entreprises valaisannes\",\"isPartOf\":{\"@id\":\"https:\/\/uvam-vs.ch\/#website\"},\"datePublished\":\"2025-06-10T11:58:59+00:00\",\"dateModified\":\"2026-02-04T08:35:18+00:00\",\"description\":\"Chaque entreprise a l'obligation d\u2019annonce de postes vacants. Le crit\u00e8re qui d\u00e9termine qu\u2019un genre de professions est soumis \u00e0 ...\",\"breadcrumb\":{\"@id\":\"https:\/\/uvam-vs.ch\/postes-vacants\/#breadcrumb\"},\"inLanguage\":\"de\",\"potentialAction\":[{\"@type\":\"ReadAction\",\"target\":[\"https:\/\/uvam-vs.ch\/postes-vacants\/\"]}]},{\"@type\":\"BreadcrumbList\",\"@id\":\"https:\/\/uvam-vs.ch\/postes-vacants\/#breadcrumb\",\"itemListElement\":[{\"@type\":\"ListItem\",\"position\":1,\"name\":\"Accueil\",\"item\":\"https:\/\/uvam-vs.ch\/\"},{\"@type\":\"ListItem\",\"position\":2,\"name\":\"Postes vacants\"}]},{\"@type\":\"WebSite\",\"@id\":\"https:\/\/uvam-vs.ch\/#website\",\"url\":\"https:\/\/uvam-vs.ch\/\",\"name\":\"UVAM\",\"description\":\"\",\"publisher\":{\"@id\":\"https:\/\/uvam-vs.ch\/#organization\"},\"potentialAction\":[{\"@type\":\"SearchAction\",\"target\":{\"@type\":\"EntryPoint\",\"urlTemplate\":\"https:\/\/uvam-vs.ch\/?s={search_term_string}\"},\"query-input\":{\"@type\":\"PropertyValueSpecification\",\"valueRequired\":true,\"valueName\":\"search_term_string\"}}],\"inLanguage\":\"de\"},{\"@type\":\"Organization\",\"@id\":\"https:\/\/uvam-vs.ch\/#organization\",\"name\":\"UVAM\",\"url\":\"https:\/\/uvam-vs.ch\/\",\"logo\":{\"@type\":\"ImageObject\",\"inLanguage\":\"de\",\"@id\":\"https:\/\/uvam-vs.ch\/#\/schema\/logo\/image\/\",\"url\":\"https:\/\/uvam-vs.ch\/wp-content\/uploads\/2025\/06\/uvam-wgv_couleur.png\",\"contentUrl\":\"https:\/\/uvam-vs.ch\/wp-content\/uploads\/2025\/06\/uvam-wgv_couleur.png\",\"width\":1800,\"height\":1200,\"caption\":\"UVAM\"},\"image\":{\"@id\":\"https:\/\/uvam-vs.ch\/#\/schema\/logo\/image\/\"},\"sameAs\":[\"https:\/\/www.facebook.com\/infouvam\",\"https:\/\/www.linkedin.com\/company\/infouvam\"]}]}<\/script>\n<!-- \/ Yoast SEO plugin. -->","yoast_head_json":{"title":"Postes vacants dans les entreprises valaisannes","description":"Chaque entreprise a l'obligation d\u2019annonce de postes vacants. Le crit\u00e8re qui d\u00e9termine qu\u2019un genre de professions est soumis \u00e0 ...","robots":{"index":"index","follow":"follow","max-snippet":"max-snippet:-1","max-image-preview":"max-image-preview:large","max-video-preview":"max-video-preview:-1"},"canonical":"https:\/\/uvam-vs.ch\/de\/postes-vacants\/","og_locale":"de_DE","og_type":"article","og_title":"Postes vacants dans les entreprises valaisannes","og_description":"Chaque entreprise a l'obligation d\u2019annonce de postes vacants. Le crit\u00e8re qui d\u00e9termine qu\u2019un genre de professions est soumis \u00e0 ...","og_url":"https:\/\/uvam-vs.ch\/de\/postes-vacants\/","og_site_name":"UVAM","article_publisher":"https:\/\/www.facebook.com\/infouvam","article_modified_time":"2026-02-04T08:35:18+00:00","twitter_card":"summary_large_image","twitter_misc":{"Gesch\u00e4tzte Lesezeit":"1\u00a0Minute"},"schema":{"@context":"https:\/\/schema.org","@graph":[{"@type":"WebPage","@id":"https:\/\/uvam-vs.ch\/postes-vacants\/","url":"https:\/\/uvam-vs.ch\/postes-vacants\/","name":"Postes vacants dans les entreprises valaisannes","isPartOf":{"@id":"https:\/\/uvam-vs.ch\/#website"},"datePublished":"2025-06-10T11:58:59+00:00","dateModified":"2026-02-04T08:35:18+00:00","description":"Chaque entreprise a l'obligation d\u2019annonce de postes vacants. Le crit\u00e8re qui d\u00e9termine qu\u2019un genre de professions est soumis \u00e0 ...","breadcrumb":{"@id":"https:\/\/uvam-vs.ch\/postes-vacants\/#breadcrumb"},"inLanguage":"de","potentialAction":[{"@type":"ReadAction","target":["https:\/\/uvam-vs.ch\/postes-vacants\/"]}]},{"@type":"BreadcrumbList","@id":"https:\/\/uvam-vs.ch\/postes-vacants\/#breadcrumb","itemListElement":[{"@type":"ListItem","position":1,"name":"Accueil","item":"https:\/\/uvam-vs.ch\/"},{"@type":"ListItem","position":2,"name":"Postes vacants"}]},{"@type":"WebSite","@id":"https:\/\/uvam-vs.ch\/#website","url":"https:\/\/uvam-vs.ch\/","name":"WGV","description":"","publisher":{"@id":"https:\/\/uvam-vs.ch\/#organization"},"potentialAction":[{"@type":"SearchAction","target":{"@type":"EntryPoint","urlTemplate":"https:\/\/uvam-vs.ch\/?s={search_term_string}"},"query-input":{"@type":"PropertyValueSpecification","valueRequired":true,"valueName":"search_term_string"}}],"inLanguage":"de"},{"@type":"Organization","@id":"https:\/\/uvam-vs.ch\/#organization","name":"WGV","url":"https:\/\/uvam-vs.ch\/","logo":{"@type":"ImageObject","inLanguage":"de","@id":"https:\/\/uvam-vs.ch\/#\/schema\/logo\/image\/","url":"https:\/\/uvam-vs.ch\/wp-content\/uploads\/2025\/06\/uvam-wgv_couleur.png","contentUrl":"https:\/\/uvam-vs.ch\/wp-content\/uploads\/2025\/06\/uvam-wgv_couleur.png","width":1800,"height":1200,"caption":"UVAM"},"image":{"@id":"https:\/\/uvam-vs.ch\/#\/schema\/logo\/image\/"},"sameAs":["https:\/\/www.facebook.com\/infouvam","https:\/\/www.linkedin.com\/company\/infouvam"]}]}},"_links":{"self":[{"href":"https:\/\/uvam-vs.ch\/de\/wp-json\/wp\/v2\/pages\/257","targetHints":{"allow":["GET"]}}],"collection":[{"href":"https:\/\/uvam-vs.ch\/de\/wp-json\/wp\/v2\/pages"}],"about":[{"href":"https:\/\/uvam-vs.ch\/de\/wp-json\/wp\/v2\/types\/page"}],"author":[{"embeddable":true,"href":"https:\/\/uvam-vs.ch\/de\/wp-json\/wp\/v2\/users\/1"}],"replies":[{"embeddable":true,"href":"https:\/\/uvam-vs.ch\/de\/wp-json\/wp\/v2\/comments?post=257"}],"version-history":[{"count":22,"href":"https:\/\/uvam-vs.ch\/de\/wp-json\/wp\/v2\/pages\/257\/revisions"}],"predecessor-version":[{"id":1652,"href":"https:\/\/uvam-vs.ch\/de\/wp-json\/wp\/v2\/pages\/257\/revisions\/1652"}],"wp:attachment":[{"href":"https:\/\/uvam-vs.ch\/de\/wp-json\/wp\/v2\/media?parent=257"}],"curies":[{"name":"wp","href":"https:\/\/api.w.org\/{rel}","templated":true}]}}