{"id":265,"date":"2025-06-10T12:16:52","date_gmt":"2025-06-10T12:16:52","guid":{"rendered":"https:\/\/dev2025.uvam-vs.ch\/?page_id=265"},"modified":"2026-02-04T08:27:53","modified_gmt":"2026-02-04T08:27:53","slug":"pme-valaisannes-enquete-2023","status":"publish","type":"page","link":"https:\/\/uvam-vs.ch\/de\/pme-valaisannes-enquete-2023\/","title":{"rendered":"Umfrage 2023 unter Walliser KMU"},"content":{"rendered":"\n[et_pb_section fb_built=\u00a0\u00bb1&Prime; admin_label=\u00a0\u00bbVideo\u00a0\u00bb _builder_version=\u00a0\u00bb4.23.2&Prime; _module_preset=\u00a0\u00bbdefault\u00a0\u00bb background_color=\u00a0\u00bbgcid-fc7afca1-7302-4e55-829d-3d445387c282&Prime; custom_margin=\u00a0\u00bb||-90px|||\u00a0\u00bb collapsed=\u00a0\u00bbon\u00a0\u00bb global_colors_info=\u00a0\u00bb{%22gcid-fc7afca1-7302-4e55-829d-3d445387c282%22:%91%22background_color%22%93}\u00a0\u00bb][et_pb_row column_structure=\u00a0\u00bb1_2,1_2&Prime; _builder_version=\u00a0\u00bb4.23.2&Prime; _module_preset=\u00a0\u00bbdefault\u00a0\u00bb global_colors_info=\u00a0\u00bb{}\u00a0\u00bb][et_pb_column type=\u00a0\u00bb1_2&Prime; _builder_version=\u00a0\u00bb4.23.2&Prime; _module_preset=\u00a0\u00bbdefault\u00a0\u00bb global_colors_info=\u00a0\u00bb{}\u00a0\u00bb][et_pb_text _builder_version=\u00a0\u00bb4.27.4&Prime; _module_preset=\u00a0\u00bb_initial\u00a0\u00bb header_2_font=\u00a0\u00bbHedvig Letters Serif||||||||\u00a0\u00bb header_2_text_color=\u00a0\u00bbgcid-3c3581c1-f373-4686-aa51-f9f01c8ffd79&Prime; header_2_font_size=\u00a0\u00bb52px\u00a0\u00bb header_2_line_height=\u00a0\u00bb1.2em\u00a0\u00bb custom_margin=\u00a0\u00bb||10px||false|false\u00a0\u00bb header_2_font_size_tablet=\u00a0\u00bb32px\u00a0\u00bb header_2_font_size_phone=\u00a0\u00bb20px\u00a0\u00bb header_2_font_size_last_edited=\u00a0\u00bbon|desktop\u00a0\u00bb global_colors_info=\u00a0\u00bb{%22gcid-3c3581c1-f373-4686-aa51-f9f01c8ffd79%22:%91%22header_2_text_color%22%93}\u00a0\u00bb]<h2 itemprop=\"name\">Enqu\u00eate 2023 aupr\u00e8s<br \/>des PME valaisannes<\/h2>[\/et_pb_text][\/et_pb_column][et_pb_column type=\u00a0\u00bb1_2&Prime; _builder_version=\u00a0\u00bb4.23.2&Prime; _module_preset=\u00a0\u00bbdefault\u00a0\u00bb global_colors_info=\u00a0\u00bb{}\u00a0\u00bb][et_pb_text _builder_version=\u00a0\u00bb4.27.4&Prime; _module_preset=\u00a0\u00bb_initial\u00a0\u00bb text_font=\u00a0\u00bbInter||||||||\u00a0\u00bb text_text_color=\u00a0\u00bbgcid-75f8feef-8e89-48de-a593-3e169dc48f01&Prime; text_font_size=\u00a0\u00bb16px\u00a0\u00bb text_line_height=\u00a0\u00bb1.8em\u00a0\u00bb text_font_size_tablet=\u00a0\u00bb15px\u00a0\u00bb text_font_size_phone=\u00a0\u00bb14px\u00a0\u00bb text_font_size_last_edited=\u00a0\u00bbon|desktop\u00a0\u00bb global_colors_info=\u00a0\u00bb{%22gcid-75f8feef-8e89-48de-a593-3e169dc48f01%22:%91%22text_text_color%22%93}\u00a0\u00bb]<div class=\"gantry-width-50\">\n<div class=\"right\">\n<p data-start=\"44\" data-end=\"253\"><span class=\"relative -mx-px my-[-0.2rem] rounded px-px py-[0.2rem] transition-colors duration-100 ease-in-out\">F<\/span>ruit d\u2019une collaboration entre l\u2019UVAM et la FER Valais, cette enqu\u00eate in\u00e9dite \u00e0 l\u2019\u00e9chelle cantonale a recueilli les avis de 236 PME valaisannes.<\/p>\n<p data-start=\"725\" data-end=\"845\">Plus pr\u00e9cis\u00e9ment, 90 % des entreprises interrog\u00e9es sont situ\u00e9es en Valais romand, contre 10 % dans le Haut-Valais.<\/p>\n<p data-start=\"852\" data-end=\"1049\">Les r\u00e9sultats montrent une reprise majoritaire. En effet, 63 % des PME ont enregistr\u00e9 une hausse de leur chiffre d\u2019affaires en 2022. De plus, 52 % d\u2019entre elles ont renou\u00e9 avec des b\u00e9n\u00e9fices.<\/p>\n<p data-start=\"1056\" data-end=\"1242\">Toutefois, la pression sur les marges reste bien pr\u00e9sente. Elle s\u2019explique notamment par la hausse des co\u00fbts (+12,5 %) et par une inflation encore anticip\u00e9e par 75 % des entreprises.<\/p>\n<p data-start=\"255\" data-end=\"533\"><strong data-start=\"255\" data-end=\"298\">Des d\u00e9fis clairs et des pistes d\u2019action<\/strong><br data-start=\"298\" data-end=\"301\" \/><span class=\"relative -mx-px my-[-0.2rem] rounded px-px py-[0.2rem] transition-colors duration-100 ease-in-out\">P<\/span>armi les principales pr\u00e9occupations, l\u2019inflation arrive en t\u00eate (95 %), suivie de la charge administrative (94 %) et du co\u00fbt de l\u2019\u00e9nergie (80 %).<\/p>\n<p data-start=\"1450\" data-end=\"1584\">Dans ce contexte, 70 % des sond\u00e9s indiquent que leur strat\u00e9gie actuelle consiste \u00e0 stabiliser ou \u00e0 rationaliser leurs activit\u00e9s.<\/p>\n<p data-start=\"1591\" data-end=\"1819\">Par ailleurs, les PME valaisannes montrent un engagement croissant en faveur de la transition num\u00e9rique, de la cybers\u00e9curit\u00e9, de l\u2019\u00e9quilibre entre vie professionnelle et vie priv\u00e9e ainsi que de la responsabilit\u00e9 soci\u00e9tale.<\/p>\n<p data-start=\"1826\" data-end=\"2086\">Ainsi, l\u2019enqu\u00eate met en lumi\u00e8re des opportunit\u00e9s concr\u00e8tes : simplification administrative, soutien \u00e0 la digitalisation et renforcement de la formation. Autant d\u2019axes que l\u2019UVAM et la FER Valais s\u2019engagent \u00e0 porter aupr\u00e8s des acteurs cantonaux et f\u00e9d\u00e9raux <span class=\"\" data-state=\"closed\" style=\"font-size: 16px;\"><span class=\"ms-1 inline-flex max-w-full items-center relative top-[-0.094rem] animate-[show_150ms_ease-in]\"><a href=\"https:\/\/www.fer-valais.ch\/media\/2347\/fr_enqu%C3%AAte-pme-valaisannes-r%C3%A9sultats.pdf?utm_source=chatgpt.com\" target=\"_blank\" rel=\"noopener\" alt=\"https:\/\/www.fer-valais.ch\/media\/2347\/fr_enqu%C3%AAte-pme-valaisannes-r%C3%A9sultats.pdf?utm_source=chatgpt.com\" class=\"flex h-4.5 overflow-hidden rounded-xl px-2 text-[0.5625em] font-medium text-token-text-secondary! bg-[#F4F4F4]! dark:bg-[#303030]! transition-colors duration-150 ease-in-out\"><span class=\"relative start-0 bottom-0 flex h-full w-full items-center\"><span class=\"flex h-4 w-full items-center justify-between overflow-hidden\"><span class=\"max-w-full grow truncate overflow-hidden text-center\">fer-valais.ch<\/span><\/span><\/span><\/a><\/span><\/span><span style=\"font-size: 16px;\">.<\/span><\/p>\n<p data-start=\"255\" data-end=\"533\"><\/p>\n<p data-start=\"255\" data-end=\"533\"><\/p>\n<p data-start=\"255\" data-end=\"533\"><\/p>\n<\/div>\n<\/div>\n<div class=\"gantry-width-50\">\n<div class=\"left\"><\/div>\n<\/div>[\/et_pb_text][\/et_pb_column][\/et_pb_row][\/et_pb_section][et_pb_section fb_built=\u00a0\u00bb1&Prime; _builder_version=\u00a0\u00bb4.27.4&Prime; _module_preset=\u00a0\u00bbdefault\u00a0\u00bb min_height=\u00a0\u00bb1057.4px\u00a0\u00bb custom_padding=\u00a0\u00bb32px||0px|||\u00a0\u00bb global_colors_info=\u00a0\u00bb{}\u00a0\u00bb][et_pb_row _builder_version=\u00a0\u00bb4.27.4&Prime; _module_preset=\u00a0\u00bbdefault\u00a0\u00bb width=\u00a0\u00bb100%\u00a0\u00bb max_width=\u00a0\u00bb1784px\u00a0\u00bb module_alignment=\u00a0\u00bbcenter\u00a0\u00bb custom_padding=\u00a0\u00bb|||0px||\u00a0\u00bb global_colors_info=\u00a0\u00bb{}\u00a0\u00bb][et_pb_column type=\u00a0\u00bb4_4&Prime; _builder_version=\u00a0\u00bb4.27.4&Prime; _module_preset=\u00a0\u00bbdefault\u00a0\u00bb global_colors_info=\u00a0\u00bb{}\u00a0\u00bb][et_pb_code _builder_version=\u00a0\u00bb4.27.4&Prime; _module_preset=\u00a0\u00bbdefault\u00a0\u00bb width=\u00a0\u00bb100%\u00a0\u00bb custom_padding=\u00a0\u00bb|||0px||\u00a0\u00bb global_colors_info=\u00a0\u00bb{}\u00a0\u00bb]<div style=\"position:relative;padding-top:max(60%,324px);width:100%;height:0;\"><iframe style=\"position:absolute;border:none;width:100%;height:100%;left:0;top:0;\" src=\"https:\/\/online.fliphtml5.com\/obpgx\/rnja\/\"  seamless=\"seamless\" scrolling=\"no\" frameborder=\"0\" allowtransparency=\"true\" allowfullscreen=\"true\" ><\/iframe><\/div><!-- [et_pb_line_break_holder] -->[\/et_pb_code][\/et_pb_column][\/et_pb_row][\/et_pb_section][et_pb_section fb_built=\u00a0\u00bb1&Prime; disabled_on=\u00a0\u00bbon|on|off\u00a0\u00bb _builder_version=\u00a0\u00bb4.27.4&Prime; _module_preset=\u00a0\u00bbdefault\u00a0\u00bb custom_padding=\u00a0\u00bb0px|||||\u00a0\u00bb global_colors_info=\u00a0\u00bb{}\u00a0\u00bb][et_pb_row _builder_version=\u00a0\u00bb4.27.4&Prime; _module_preset=\u00a0\u00bbdefault\u00a0\u00bb global_colors_info=\u00a0\u00bb{}\u00a0\u00bb][et_pb_column type=\u00a0\u00bb4_4&Prime; _builder_version=\u00a0\u00bb4.27.4&Prime; _module_preset=\u00a0\u00bbdefault\u00a0\u00bb global_colors_info=\u00a0\u00bb{}\u00a0\u00bb][et_pb_divider show_divider=\u00a0\u00bboff\u00a0\u00bb _builder_version=\u00a0\u00bb4.27.4&Prime; _module_preset=\u00a0\u00bbdefault\u00a0\u00bb global_colors_info=\u00a0\u00bb{}\u00a0\u00bb][\/et_pb_divider][\/et_pb_column][\/et_pb_row][\/et_pb_section]\n","protected":false},"excerpt":{"rendered":"<p>Enqu\u00eate 2023 aupr\u00e8sdes PME valaisannes Fruit d\u2019une collaboration entre l\u2019UVAM et la FER Valais, cette enqu\u00eate in\u00e9dite \u00e0 l\u2019\u00e9chelle cantonale a recueilli les avis de 236 PME valaisannes. Plus pr\u00e9cis\u00e9ment, 90 % des entreprises interrog\u00e9es sont situ\u00e9es en Valais romand, contre 10 % dans le Haut-Valais. Les r\u00e9sultats montrent une reprise majoritaire. En effet, 63 [&hellip;]<\/p>\n","protected":false},"author":1,"featured_media":0,"parent":0,"menu_order":0,"comment_status":"closed","ping_status":"closed","template":"","meta":{"_et_pb_use_builder":"on","_et_pb_old_content":"","_et_gb_content_width":"","footnotes":""},"class_list":["post-265","page","type-page","status-publish","hentry"],"yoast_head":"<!-- This site is optimized with the Yoast SEO plugin v26.9 - https:\/\/yoast.com\/product\/yoast-seo-wordpress\/ -->\n<title>PME valaisannes - Enqu\u00eates 2023<\/title>\n<meta name=\"description\" content=\"Une enqu\u00eate in\u00e9dite \u00e0 l\u2019\u00e9chelle cantonale a recueilli les avis de 236 PME valaisannes. Fruit de la collaboration \u00e9troite entre ...\" \/>\n<meta name=\"robots\" content=\"index, follow, max-snippet:-1, max-image-preview:large, max-video-preview:-1\" \/>\n<link rel=\"canonical\" href=\"https:\/\/uvam-vs.ch\/de\/pme-valaisannes-enquete-2023\/\" \/>\n<meta property=\"og:locale\" content=\"de_DE\" \/>\n<meta property=\"og:type\" content=\"article\" \/>\n<meta property=\"og:title\" content=\"PME valaisannes - Enqu\u00eates 2023\" \/>\n<meta property=\"og:description\" content=\"Une enqu\u00eate in\u00e9dite \u00e0 l\u2019\u00e9chelle cantonale a recueilli les avis de 236 PME valaisannes. Fruit de la collaboration \u00e9troite entre ...\" \/>\n<meta property=\"og:url\" content=\"https:\/\/uvam-vs.ch\/de\/pme-valaisannes-enquete-2023\/\" \/>\n<meta property=\"og:site_name\" content=\"UVAM\" \/>\n<meta property=\"article:publisher\" content=\"https:\/\/www.facebook.com\/infouvam\" \/>\n<meta property=\"article:modified_time\" content=\"2026-02-04T08:27:53+00:00\" \/>\n<meta name=\"twitter:card\" content=\"summary_large_image\" \/>\n<meta name=\"twitter:label1\" content=\"Gesch\u00e4tzte Lesezeit\" \/>\n\t<meta name=\"twitter:data1\" content=\"2\u00a0Minuten\" \/>\n<script type=\"application\/ld+json\" class=\"yoast-schema-graph\">{\"@context\":\"https:\/\/schema.org\",\"@graph\":[{\"@type\":\"WebPage\",\"@id\":\"https:\/\/uvam-vs.ch\/pme-valaisannes-enquete-2023\/\",\"url\":\"https:\/\/uvam-vs.ch\/pme-valaisannes-enquete-2023\/\",\"name\":\"PME valaisannes - Enqu\u00eates 2023\",\"isPartOf\":{\"@id\":\"https:\/\/uvam-vs.ch\/#website\"},\"datePublished\":\"2025-06-10T12:16:52+00:00\",\"dateModified\":\"2026-02-04T08:27:53+00:00\",\"description\":\"Une enqu\u00eate in\u00e9dite \u00e0 l\u2019\u00e9chelle cantonale a recueilli les avis de 236 PME valaisannes. Fruit de la collaboration \u00e9troite entre ...\",\"breadcrumb\":{\"@id\":\"https:\/\/uvam-vs.ch\/pme-valaisannes-enquete-2023\/#breadcrumb\"},\"inLanguage\":\"de\",\"potentialAction\":[{\"@type\":\"ReadAction\",\"target\":[\"https:\/\/uvam-vs.ch\/pme-valaisannes-enquete-2023\/\"]}]},{\"@type\":\"BreadcrumbList\",\"@id\":\"https:\/\/uvam-vs.ch\/pme-valaisannes-enquete-2023\/#breadcrumb\",\"itemListElement\":[{\"@type\":\"ListItem\",\"position\":1,\"name\":\"Accueil\",\"item\":\"https:\/\/uvam-vs.ch\/\"},{\"@type\":\"ListItem\",\"position\":2,\"name\":\"Enqu\u00eate 2023 des PME valaisannes\"}]},{\"@type\":\"WebSite\",\"@id\":\"https:\/\/uvam-vs.ch\/#website\",\"url\":\"https:\/\/uvam-vs.ch\/\",\"name\":\"UVAM\",\"description\":\"\",\"publisher\":{\"@id\":\"https:\/\/uvam-vs.ch\/#organization\"},\"potentialAction\":[{\"@type\":\"SearchAction\",\"target\":{\"@type\":\"EntryPoint\",\"urlTemplate\":\"https:\/\/uvam-vs.ch\/?s={search_term_string}\"},\"query-input\":{\"@type\":\"PropertyValueSpecification\",\"valueRequired\":true,\"valueName\":\"search_term_string\"}}],\"inLanguage\":\"de\"},{\"@type\":\"Organization\",\"@id\":\"https:\/\/uvam-vs.ch\/#organization\",\"name\":\"UVAM\",\"url\":\"https:\/\/uvam-vs.ch\/\",\"logo\":{\"@type\":\"ImageObject\",\"inLanguage\":\"de\",\"@id\":\"https:\/\/uvam-vs.ch\/#\/schema\/logo\/image\/\",\"url\":\"https:\/\/uvam-vs.ch\/wp-content\/uploads\/2025\/06\/uvam-wgv_couleur.png\",\"contentUrl\":\"https:\/\/uvam-vs.ch\/wp-content\/uploads\/2025\/06\/uvam-wgv_couleur.png\",\"width\":1800,\"height\":1200,\"caption\":\"UVAM\"},\"image\":{\"@id\":\"https:\/\/uvam-vs.ch\/#\/schema\/logo\/image\/\"},\"sameAs\":[\"https:\/\/www.facebook.com\/infouvam\",\"https:\/\/www.linkedin.com\/company\/infouvam\"]}]}<\/script>\n<!-- \/ Yoast SEO plugin. -->","yoast_head_json":{"title":"PME valaisannes - Enqu\u00eates 2023","description":"Une enqu\u00eate in\u00e9dite \u00e0 l\u2019\u00e9chelle cantonale a recueilli les avis de 236 PME valaisannes. Fruit de la collaboration \u00e9troite entre ...","robots":{"index":"index","follow":"follow","max-snippet":"max-snippet:-1","max-image-preview":"max-image-preview:large","max-video-preview":"max-video-preview:-1"},"canonical":"https:\/\/uvam-vs.ch\/de\/pme-valaisannes-enquete-2023\/","og_locale":"de_DE","og_type":"article","og_title":"PME valaisannes - Enqu\u00eates 2023","og_description":"Une enqu\u00eate in\u00e9dite \u00e0 l\u2019\u00e9chelle cantonale a recueilli les avis de 236 PME valaisannes. Fruit de la collaboration \u00e9troite entre ...","og_url":"https:\/\/uvam-vs.ch\/de\/pme-valaisannes-enquete-2023\/","og_site_name":"UVAM","article_publisher":"https:\/\/www.facebook.com\/infouvam","article_modified_time":"2026-02-04T08:27:53+00:00","twitter_card":"summary_large_image","twitter_misc":{"Gesch\u00e4tzte Lesezeit":"2\u00a0Minuten"},"schema":{"@context":"https:\/\/schema.org","@graph":[{"@type":"WebPage","@id":"https:\/\/uvam-vs.ch\/pme-valaisannes-enquete-2023\/","url":"https:\/\/uvam-vs.ch\/pme-valaisannes-enquete-2023\/","name":"PME valaisannes - Enqu\u00eates 2023","isPartOf":{"@id":"https:\/\/uvam-vs.ch\/#website"},"datePublished":"2025-06-10T12:16:52+00:00","dateModified":"2026-02-04T08:27:53+00:00","description":"Une enqu\u00eate in\u00e9dite \u00e0 l\u2019\u00e9chelle cantonale a recueilli les avis de 236 PME valaisannes. Fruit de la collaboration \u00e9troite entre ...","breadcrumb":{"@id":"https:\/\/uvam-vs.ch\/pme-valaisannes-enquete-2023\/#breadcrumb"},"inLanguage":"de","potentialAction":[{"@type":"ReadAction","target":["https:\/\/uvam-vs.ch\/pme-valaisannes-enquete-2023\/"]}]},{"@type":"BreadcrumbList","@id":"https:\/\/uvam-vs.ch\/pme-valaisannes-enquete-2023\/#breadcrumb","itemListElement":[{"@type":"ListItem","position":1,"name":"Accueil","item":"https:\/\/uvam-vs.ch\/"},{"@type":"ListItem","position":2,"name":"Enqu\u00eate 2023 des PME valaisannes"}]},{"@type":"WebSite","@id":"https:\/\/uvam-vs.ch\/#website","url":"https:\/\/uvam-vs.ch\/","name":"WGV","description":"","publisher":{"@id":"https:\/\/uvam-vs.ch\/#organization"},"potentialAction":[{"@type":"SearchAction","target":{"@type":"EntryPoint","urlTemplate":"https:\/\/uvam-vs.ch\/?s={search_term_string}"},"query-input":{"@type":"PropertyValueSpecification","valueRequired":true,"valueName":"search_term_string"}}],"inLanguage":"de"},{"@type":"Organization","@id":"https:\/\/uvam-vs.ch\/#organization","name":"WGV","url":"https:\/\/uvam-vs.ch\/","logo":{"@type":"ImageObject","inLanguage":"de","@id":"https:\/\/uvam-vs.ch\/#\/schema\/logo\/image\/","url":"https:\/\/uvam-vs.ch\/wp-content\/uploads\/2025\/06\/uvam-wgv_couleur.png","contentUrl":"https:\/\/uvam-vs.ch\/wp-content\/uploads\/2025\/06\/uvam-wgv_couleur.png","width":1800,"height":1200,"caption":"UVAM"},"image":{"@id":"https:\/\/uvam-vs.ch\/#\/schema\/logo\/image\/"},"sameAs":["https:\/\/www.facebook.com\/infouvam","https:\/\/www.linkedin.com\/company\/infouvam"]}]}},"_links":{"self":[{"href":"https:\/\/uvam-vs.ch\/de\/wp-json\/wp\/v2\/pages\/265","targetHints":{"allow":["GET"]}}],"collection":[{"href":"https:\/\/uvam-vs.ch\/de\/wp-json\/wp\/v2\/pages"}],"about":[{"href":"https:\/\/uvam-vs.ch\/de\/wp-json\/wp\/v2\/types\/page"}],"author":[{"embeddable":true,"href":"https:\/\/uvam-vs.ch\/de\/wp-json\/wp\/v2\/users\/1"}],"replies":[{"embeddable":true,"href":"https:\/\/uvam-vs.ch\/de\/wp-json\/wp\/v2\/comments?post=265"}],"version-history":[{"count":17,"href":"https:\/\/uvam-vs.ch\/de\/wp-json\/wp\/v2\/pages\/265\/revisions"}],"predecessor-version":[{"id":1647,"href":"https:\/\/uvam-vs.ch\/de\/wp-json\/wp\/v2\/pages\/265\/revisions\/1647"}],"wp:attachment":[{"href":"https:\/\/uvam-vs.ch\/de\/wp-json\/wp\/v2\/media?parent=265"}],"curies":[{"name":"wp","href":"https:\/\/api.w.org\/{rel}","templated":true}]}}