{"id":275,"date":"2025-06-10T12:27:33","date_gmt":"2025-06-10T12:27:33","guid":{"rendered":"https:\/\/dev2025.uvam-vs.ch\/?page_id=275"},"modified":"2026-02-17T14:50:41","modified_gmt":"2026-02-17T14:50:41","slug":"charte-uvam","status":"publish","type":"page","link":"https:\/\/uvam-vs.ch\/de\/charte-uvam\/","title":{"rendered":"Charte UVAM_f\u00e9d\u00e9rales_2023"},"content":{"rendered":"<p>[et_pb_section fb_built=\u00a0\u00bb1&Prime; admin_label=\u00a0\u00bbVideo\u00a0\u00bb _builder_version=\u00a0\u00bb4.23.2&Prime; _module_preset=\u00a0\u00bbdefault\u00a0\u00bb background_color=\u00a0\u00bbgcid-fc7afca1-7302-4e55-829d-3d445387c282&Prime; collapsed=\u00a0\u00bbon\u00a0\u00bb global_colors_info=\u00a0\u00bb{%22gcid-fc7afca1-7302-4e55-829d-3d445387c282%22:%91%22background_color%22%93}\u00a0\u00bb][et_pb_row column_structure=\u00a0\u00bb1_2,1_2&Prime; _builder_version=\u00a0\u00bb4.23.2&Prime; _module_preset=\u00a0\u00bbdefault\u00a0\u00bb global_colors_info=\u00a0\u00bb{}\u00a0\u00bb][et_pb_column type=\u00a0\u00bb1_2&Prime; _builder_version=\u00a0\u00bb4.23.2&Prime; _module_preset=\u00a0\u00bbdefault\u00a0\u00bb global_colors_info=\u00a0\u00bb{}\u00a0\u00bb][et_pb_text _builder_version=\u00a0\u00bb4.27.4&Prime; _module_preset=\u00a0\u00bb_initial\u00a0\u00bb header_2_font=\u00a0\u00bbHedvig Letters Serif||||||||\u00a0\u00bb header_2_text_color=\u00a0\u00bbgcid-3c3581c1-f373-4686-aa51-f9f01c8ffd79&Prime; header_2_font_size=\u00a0\u00bb52px\u00a0\u00bb header_2_line_height=\u00a0\u00bb1.2em\u00a0\u00bb custom_margin=\u00a0\u00bb||10px||false|false\u00a0\u00bb header_2_font_size_tablet=\u00a0\u00bb32px\u00a0\u00bb header_2_font_size_phone=\u00a0\u00bb20px\u00a0\u00bb header_2_font_size_last_edited=\u00a0\u00bbon|desktop\u00a0\u00bb global_colors_info=\u00a0\u00bb{%22gcid-3c3581c1-f373-4686-aa51-f9f01c8ffd79%22:%91%22header_2_text_color%22%93}\u00a0\u00bb]<\/p>\n<h2>Charte UVAM<br \/>\u00c9lections f\u00e9d\u00e9rales<\/h2>\n<p>&nbsp;<\/p>\n<p>[\/et_pb_text][\/et_pb_column][et_pb_column type=\u00a0\u00bb1_2&Prime; _builder_version=\u00a0\u00bb4.23.2&Prime; _module_preset=\u00a0\u00bbdefault\u00a0\u00bb global_colors_info=\u00a0\u00bb{}\u00a0\u00bb][et_pb_text _builder_version=\u00a0\u00bb4.27.4&Prime; _module_preset=\u00a0\u00bb_initial\u00a0\u00bb text_font=\u00a0\u00bbInter||||||||\u00a0\u00bb text_text_color=\u00a0\u00bbgcid-75f8feef-8e89-48de-a593-3e169dc48f01&Prime; text_font_size=\u00a0\u00bb16px\u00a0\u00bb text_line_height=\u00a0\u00bb1.8em\u00a0\u00bb text_font_size_tablet=\u00a0\u00bb15px\u00a0\u00bb text_font_size_phone=\u00a0\u00bb14px\u00a0\u00bb text_font_size_last_edited=\u00a0\u00bbon|desktop\u00a0\u00bb global_colors_info=\u00a0\u00bb{%22gcid-75f8feef-8e89-48de-a593-3e169dc48f01%22:%91%22text_text_color%22%93}\u00a0\u00bb]<\/p>\n<div class=\"gantry-width-50\">\n<div class=\"right\">\n<p style=\"text-align: justify;\">Dans le cadre des \u00e9lections cantonales, l\u2019Union valaisanne des arts et m\u00e9tiers a d\u00e9fini une charte afin de clarifier ses attentes \u00e0 l\u2019\u00e9gard des candidats(-es).<\/p>\n<p data-start=\"628\" data-end=\"1172\">Le Conseil de l\u2019UVAM, compos\u00e9 des pr\u00e9sidents de 39 associations professionnelles et de sections r\u00e9gionales des arts et m\u00e9tiers, et repr\u00e9sentant au total plus de 6\u2009500 entreprises en Valais, a d\u00e9cid\u00e9 d\u2019apporter un soutien actif \u00e0 tous(-tes) les candidats(-es), tous partis confondus, qui se d\u00e9clarent en accord avec les attentes de l\u2019Union valaisanne des arts et m\u00e9tiers. Ces attentes portent sur des th\u00e9matiques essentielles pour l\u2019\u00e9conomie en g\u00e9n\u00e9ral et pour l\u2019\u00e9conomie valaisanne en particulier, dans le contexte des \u00e9lections cantonales.<\/p>\n<p style=\"text-align: justify;\">\n<p style=\"text-align: justify;\"><strong>Qu\u2019est-ce que la charte pour les \u00e9lections f\u00e9d\u00e9rales ?<\/strong><br \/>Ainsi,\u00a0sur cette base, l\u2019UVAM a \u00e9tabli une charte en invitant tous(-tes) les candidats(-es) aux \u00e9lections cantonales qui s\u2019engagent \u00e0 d\u00e9fendre, avec conviction, le programme ci-dessous \u00e9nonc\u00e9 \u00e0 y apposer leur signature.<\/p>\n<p data-start=\"1473\" data-end=\"1755\">De son c\u00f4t\u00e9, l\u2019UVAM s\u2019engage, par voie de presse, \u00e0 soutenir ces candidats(-es), non seulement durant la campagne pr\u00e9c\u00e9dant les \u00e9lections cantonales, mais \u00e9galement tout au long de la l\u00e9gislature, en mettant en exergue leur travail au service de notre canton et de son \u00e9conomie.<\/p>\n<p style=\"text-align: justify;\">\n<\/div>\n<\/div>\n<p>[\/et_pb_text][\/et_pb_column][\/et_pb_row][et_pb_row _builder_version=\u00a0\u00bb4.23.2&Prime; _module_preset=\u00a0\u00bbdefault\u00a0\u00bb global_colors_info=\u00a0\u00bb{}\u00a0\u00bb][et_pb_column type=\u00a0\u00bb4_4&Prime; _builder_version=\u00a0\u00bb4.23.2&Prime; _module_preset=\u00a0\u00bbdefault\u00a0\u00bb global_colors_info=\u00a0\u00bb{}\u00a0\u00bb][et_pb_image src=\u00a0\u00bbhttps:\/\/uvam-vs.ch\/wp-content\/uploads\/2025\/06\/charte-uvam-fr-2023-pdf.jpg\u00a0\u00bb alt=\u00a0\u00bbCharte UVAM propos\u00e9e au candidats aux \u00e9lections f\u00e9d\u00e9rales\u00a0\u00bb title_text=\u00a0\u00bbcharte-uvam-fr-2023&Prime; _builder_version=\u00a0\u00bb4.27.4&Prime; _module_preset=\u00a0\u00bbdefault\u00a0\u00bb global_colors_info=\u00a0\u00bb{}\u00a0\u00bb][\/et_pb_image][\/et_pb_column][\/et_pb_row][\/et_pb_section][et_pb_section fb_built=\u00a0\u00bb1&Prime; _builder_version=\u00a0\u00bb4.27.4&Prime; _module_preset=\u00a0\u00bbdefault\u00a0\u00bb global_colors_info=\u00a0\u00bb{}\u00a0\u00bb][et_pb_row _builder_version=\u00a0\u00bb4.27.4&Prime; _module_preset=\u00a0\u00bbdefault\u00a0\u00bb width=\u00a0\u00bb100%\u00a0\u00bb max_width=\u00a0\u00bb1784px\u00a0\u00bb module_alignment=\u00a0\u00bbcenter\u00a0\u00bb custom_padding=\u00a0\u00bb|||0px||\u00a0\u00bb global_colors_info=\u00a0\u00bb{}\u00a0\u00bb][et_pb_column type=\u00a0\u00bb4_4&Prime; _builder_version=\u00a0\u00bb4.27.4&Prime; _module_preset=\u00a0\u00bbdefault\u00a0\u00bb global_colors_info=\u00a0\u00bb{}\u00a0\u00bb][et_pb_code _builder_version=\u00a0\u00bb4.27.4&Prime; _module_preset=\u00a0\u00bbdefault\u00a0\u00bb width=\u00a0\u00bb100%\u00a0\u00bb custom_padding=\u00a0\u00bb|||0px||\u00a0\u00bb global_colors_info=\u00a0\u00bb{}\u00a0\u00bb]<\/p>\n<div style=\"position:relative;padding-top:max(60%,324px);width:100%;height:0;\"><iframe style=\"position:absolute;border:none;width:100%;height:100%;left:0;top:0;\" src=\"https:\/\/online.fliphtml5.com\/obpgx\/remv\/\"  seamless=\"seamless\" scrolling=\"no\" frameborder=\"0\" allowtransparency=\"true\" allowfullscreen=\"true\" ><\/iframe><\/div>\n<p><!-- [et_pb_line_break_holder] -->[\/et_pb_code][\/et_pb_column][\/et_pb_row][\/et_pb_section]<\/p>\n","protected":false},"excerpt":{"rendered":"<p>Charte UVAM\u00c9lections f\u00e9d\u00e9rales &nbsp; Dans le cadre des \u00e9lections cantonales, l\u2019Union valaisanne des arts et m\u00e9tiers a d\u00e9fini une charte afin de clarifier ses attentes \u00e0 l\u2019\u00e9gard des candidats(-es). Le Conseil de l\u2019UVAM, compos\u00e9 des pr\u00e9sidents de 39 associations professionnelles et de sections r\u00e9gionales des arts et m\u00e9tiers, et repr\u00e9sentant au total plus de 6\u2009500 [&hellip;]<\/p>\n","protected":false},"author":1,"featured_media":0,"parent":0,"menu_order":0,"comment_status":"closed","ping_status":"closed","template":"","meta":{"_et_pb_use_builder":"on","_et_pb_old_content":"","_et_gb_content_width":"","footnotes":""},"class_list":["post-275","page","type-page","status-publish","hentry"],"yoast_head":"<!-- This site is optimized with the Yoast SEO plugin v26.9 - https:\/\/yoast.com\/product\/yoast-seo-wordpress\/ -->\n<title>Charte UVAM - \u00c9lections f\u00e9d\u00e9rales<\/title>\n<meta name=\"description\" content=\"L&#039;UVAM a \u00e9tabli une charte en invitant tous(-tes) les candidats(-es) qui s\u2019engagent \u00e0 d\u00e9fendre, avec conviction, le ...\" \/>\n<meta name=\"robots\" content=\"index, follow, max-snippet:-1, max-image-preview:large, max-video-preview:-1\" \/>\n<link rel=\"canonical\" href=\"https:\/\/uvam-vs.ch\/de\/charte-uvam\/\" \/>\n<meta property=\"og:locale\" content=\"de_DE\" \/>\n<meta property=\"og:type\" content=\"article\" \/>\n<meta property=\"og:title\" content=\"Charte UVAM - \u00c9lections f\u00e9d\u00e9rales\" \/>\n<meta property=\"og:description\" content=\"L&#039;UVAM a \u00e9tabli une charte en invitant tous(-tes) les candidats(-es) qui s\u2019engagent \u00e0 d\u00e9fendre, avec conviction, le ...\" \/>\n<meta property=\"og:url\" content=\"https:\/\/uvam-vs.ch\/de\/charte-uvam\/\" \/>\n<meta property=\"og:site_name\" content=\"UVAM\" \/>\n<meta property=\"article:publisher\" content=\"https:\/\/www.facebook.com\/infouvam\" \/>\n<meta property=\"article:modified_time\" content=\"2026-02-17T14:50:41+00:00\" \/>\n<meta name=\"twitter:card\" content=\"summary_large_image\" \/>\n<meta name=\"twitter:label1\" content=\"Gesch\u00e4tzte Lesezeit\" \/>\n\t<meta name=\"twitter:data1\" content=\"2\u00a0Minuten\" \/>\n<script type=\"application\/ld+json\" class=\"yoast-schema-graph\">{\"@context\":\"https:\/\/schema.org\",\"@graph\":[{\"@type\":\"WebPage\",\"@id\":\"https:\/\/uvam-vs.ch\/charte-uvam\/\",\"url\":\"https:\/\/uvam-vs.ch\/charte-uvam\/\",\"name\":\"Charte UVAM - \u00c9lections f\u00e9d\u00e9rales\",\"isPartOf\":{\"@id\":\"https:\/\/uvam-vs.ch\/#website\"},\"datePublished\":\"2025-06-10T12:27:33+00:00\",\"dateModified\":\"2026-02-17T14:50:41+00:00\",\"description\":\"L'UVAM a \u00e9tabli une charte en invitant tous(-tes) les candidats(-es) qui s\u2019engagent \u00e0 d\u00e9fendre, avec conviction, le ...\",\"breadcrumb\":{\"@id\":\"https:\/\/uvam-vs.ch\/charte-uvam\/#breadcrumb\"},\"inLanguage\":\"de\",\"potentialAction\":[{\"@type\":\"ReadAction\",\"target\":[\"https:\/\/uvam-vs.ch\/charte-uvam\/\"]}]},{\"@type\":\"BreadcrumbList\",\"@id\":\"https:\/\/uvam-vs.ch\/charte-uvam\/#breadcrumb\",\"itemListElement\":[{\"@type\":\"ListItem\",\"position\":1,\"name\":\"Accueil\",\"item\":\"https:\/\/uvam-vs.ch\/\"},{\"@type\":\"ListItem\",\"position\":2,\"name\":\"Charte UVAM_f\u00e9d\u00e9rales_2023\"}]},{\"@type\":\"WebSite\",\"@id\":\"https:\/\/uvam-vs.ch\/#website\",\"url\":\"https:\/\/uvam-vs.ch\/\",\"name\":\"UVAM\",\"description\":\"\",\"publisher\":{\"@id\":\"https:\/\/uvam-vs.ch\/#organization\"},\"potentialAction\":[{\"@type\":\"SearchAction\",\"target\":{\"@type\":\"EntryPoint\",\"urlTemplate\":\"https:\/\/uvam-vs.ch\/?s={search_term_string}\"},\"query-input\":{\"@type\":\"PropertyValueSpecification\",\"valueRequired\":true,\"valueName\":\"search_term_string\"}}],\"inLanguage\":\"de\"},{\"@type\":\"Organization\",\"@id\":\"https:\/\/uvam-vs.ch\/#organization\",\"name\":\"UVAM\",\"url\":\"https:\/\/uvam-vs.ch\/\",\"logo\":{\"@type\":\"ImageObject\",\"inLanguage\":\"de\",\"@id\":\"https:\/\/uvam-vs.ch\/#\/schema\/logo\/image\/\",\"url\":\"https:\/\/uvam-vs.ch\/wp-content\/uploads\/2025\/06\/uvam-wgv_couleur.png\",\"contentUrl\":\"https:\/\/uvam-vs.ch\/wp-content\/uploads\/2025\/06\/uvam-wgv_couleur.png\",\"width\":1800,\"height\":1200,\"caption\":\"UVAM\"},\"image\":{\"@id\":\"https:\/\/uvam-vs.ch\/#\/schema\/logo\/image\/\"},\"sameAs\":[\"https:\/\/www.facebook.com\/infouvam\",\"https:\/\/www.linkedin.com\/company\/infouvam\"]}]}<\/script>\n<!-- \/ Yoast SEO plugin. -->","yoast_head_json":{"title":"Charte UVAM - \u00c9lections f\u00e9d\u00e9rales","description":"L'UVAM a \u00e9tabli une charte en invitant tous(-tes) les candidats(-es) qui s\u2019engagent \u00e0 d\u00e9fendre, avec conviction, le ...","robots":{"index":"index","follow":"follow","max-snippet":"max-snippet:-1","max-image-preview":"max-image-preview:large","max-video-preview":"max-video-preview:-1"},"canonical":"https:\/\/uvam-vs.ch\/de\/charte-uvam\/","og_locale":"de_DE","og_type":"article","og_title":"Charte UVAM - \u00c9lections f\u00e9d\u00e9rales","og_description":"L'UVAM a \u00e9tabli une charte en invitant tous(-tes) les candidats(-es) qui s\u2019engagent \u00e0 d\u00e9fendre, avec conviction, le ...","og_url":"https:\/\/uvam-vs.ch\/de\/charte-uvam\/","og_site_name":"UVAM","article_publisher":"https:\/\/www.facebook.com\/infouvam","article_modified_time":"2026-02-17T14:50:41+00:00","twitter_card":"summary_large_image","twitter_misc":{"Gesch\u00e4tzte Lesezeit":"2\u00a0Minuten"},"schema":{"@context":"https:\/\/schema.org","@graph":[{"@type":"WebPage","@id":"https:\/\/uvam-vs.ch\/charte-uvam\/","url":"https:\/\/uvam-vs.ch\/charte-uvam\/","name":"Charte UVAM - \u00c9lections f\u00e9d\u00e9rales","isPartOf":{"@id":"https:\/\/uvam-vs.ch\/#website"},"datePublished":"2025-06-10T12:27:33+00:00","dateModified":"2026-02-17T14:50:41+00:00","description":"L'UVAM a \u00e9tabli une charte en invitant tous(-tes) les candidats(-es) qui s\u2019engagent \u00e0 d\u00e9fendre, avec conviction, le ...","breadcrumb":{"@id":"https:\/\/uvam-vs.ch\/charte-uvam\/#breadcrumb"},"inLanguage":"de","potentialAction":[{"@type":"ReadAction","target":["https:\/\/uvam-vs.ch\/charte-uvam\/"]}]},{"@type":"BreadcrumbList","@id":"https:\/\/uvam-vs.ch\/charte-uvam\/#breadcrumb","itemListElement":[{"@type":"ListItem","position":1,"name":"Accueil","item":"https:\/\/uvam-vs.ch\/"},{"@type":"ListItem","position":2,"name":"Charte UVAM_f\u00e9d\u00e9rales_2023"}]},{"@type":"WebSite","@id":"https:\/\/uvam-vs.ch\/#website","url":"https:\/\/uvam-vs.ch\/","name":"WGV","description":"","publisher":{"@id":"https:\/\/uvam-vs.ch\/#organization"},"potentialAction":[{"@type":"SearchAction","target":{"@type":"EntryPoint","urlTemplate":"https:\/\/uvam-vs.ch\/?s={search_term_string}"},"query-input":{"@type":"PropertyValueSpecification","valueRequired":true,"valueName":"search_term_string"}}],"inLanguage":"de"},{"@type":"Organization","@id":"https:\/\/uvam-vs.ch\/#organization","name":"WGV","url":"https:\/\/uvam-vs.ch\/","logo":{"@type":"ImageObject","inLanguage":"de","@id":"https:\/\/uvam-vs.ch\/#\/schema\/logo\/image\/","url":"https:\/\/uvam-vs.ch\/wp-content\/uploads\/2025\/06\/uvam-wgv_couleur.png","contentUrl":"https:\/\/uvam-vs.ch\/wp-content\/uploads\/2025\/06\/uvam-wgv_couleur.png","width":1800,"height":1200,"caption":"UVAM"},"image":{"@id":"https:\/\/uvam-vs.ch\/#\/schema\/logo\/image\/"},"sameAs":["https:\/\/www.facebook.com\/infouvam","https:\/\/www.linkedin.com\/company\/infouvam"]}]}},"_links":{"self":[{"href":"https:\/\/uvam-vs.ch\/de\/wp-json\/wp\/v2\/pages\/275","targetHints":{"allow":["GET"]}}],"collection":[{"href":"https:\/\/uvam-vs.ch\/de\/wp-json\/wp\/v2\/pages"}],"about":[{"href":"https:\/\/uvam-vs.ch\/de\/wp-json\/wp\/v2\/types\/page"}],"author":[{"embeddable":true,"href":"https:\/\/uvam-vs.ch\/de\/wp-json\/wp\/v2\/users\/1"}],"replies":[{"embeddable":true,"href":"https:\/\/uvam-vs.ch\/de\/wp-json\/wp\/v2\/comments?post=275"}],"version-history":[{"count":16,"href":"https:\/\/uvam-vs.ch\/de\/wp-json\/wp\/v2\/pages\/275\/revisions"}],"predecessor-version":[{"id":1828,"href":"https:\/\/uvam-vs.ch\/de\/wp-json\/wp\/v2\/pages\/275\/revisions\/1828"}],"wp:attachment":[{"href":"https:\/\/uvam-vs.ch\/de\/wp-json\/wp\/v2\/media?parent=275"}],"curies":[{"name":"wp","href":"https:\/\/api.w.org\/{rel}","templated":true}]}}