{"id":304,"date":"2025-06-18T13:42:25","date_gmt":"2025-06-18T13:42:25","guid":{"rendered":"https:\/\/dev2025.uvam-vs.ch\/?page_id=304"},"modified":"2026-02-03T12:24:41","modified_gmt":"2026-02-03T12:24:41","slug":"documentation","status":"publish","type":"page","link":"https:\/\/uvam-vs.ch\/de\/documentation\/","title":{"rendered":"Dokumentation"},"content":{"rendered":"<p>[et_pb_section fb_built=\u00a0\u00bb1&Prime; admin_label=\u00a0\u00bbHeader\u00a0\u00bb _builder_version=\u00a0\u00bb4.23.2&Prime; _module_preset=\u00a0\u00bbdefault\u00a0\u00bb background_color=\u00a0\u00bbgcid-fc7afca1-7302-4e55-829d-3d445387c282&Prime; locked=\u00a0\u00bboff\u00a0\u00bb collapsed=\u00a0\u00bbon\u00a0\u00bb global_colors_info=\u00a0\u00bb{%22gcid-fc7afca1-7302-4e55-829d-3d445387c282%22:%91%22background_color%22%93}\u00a0\u00bb][et_pb_row column_structure=\u00a0\u00bb1_2,1_2&Prime; _builder_version=\u00a0\u00bb4.23.2&Prime; _module_preset=\u00a0\u00bbdefault\u00a0\u00bb global_colors_info=\u00a0\u00bb{}\u00a0\u00bb][et_pb_column type=\u00a0\u00bb1_2&Prime; _builder_version=\u00a0\u00bb4.23.2&Prime; _module_preset=\u00a0\u00bbdefault\u00a0\u00bb global_colors_info=\u00a0\u00bb{}\u00a0\u00bb][et_pb_text _builder_version=\u00a0\u00bb4.27.4&Prime; _module_preset=\u00a0\u00bb_initial\u00a0\u00bb header_2_font=\u00a0\u00bbHedvig Letters Serif||||||||\u00a0\u00bb header_2_text_color=\u00a0\u00bbgcid-3c3581c1-f373-4686-aa51-f9f01c8ffd79&Prime; header_2_font_size=\u00a0\u00bb52px\u00a0\u00bb header_2_line_height=\u00a0\u00bb1.2em\u00a0\u00bb custom_margin=\u00a0\u00bb||10px||false|false\u00a0\u00bb header_2_font_size_tablet=\u00a0\u00bb32px\u00a0\u00bb header_2_font_size_phone=\u00a0\u00bb20px\u00a0\u00bb header_2_font_size_last_edited=\u00a0\u00bbon|desktop\u00a0\u00bb global_colors_info=\u00a0\u00bb{%22gcid-3c3581c1-f373-4686-aa51-f9f01c8ffd79%22:%91%22header_2_text_color%22%93}\u00a0\u00bb]<\/p>\n<h2>Documentation :<\/h2>\n<p>[\/et_pb_text][\/et_pb_column][et_pb_column type=\u00a0\u00bb1_2&Prime; _builder_version=\u00a0\u00bb4.23.2&Prime; _module_preset=\u00a0\u00bbdefault\u00a0\u00bb global_colors_info=\u00a0\u00bb{}\u00a0\u00bb][et_pb_text _builder_version=\u00a0\u00bb4.27.4&Prime; _module_preset=\u00a0\u00bb_initial\u00a0\u00bb text_font=\u00a0\u00bbInter||||||||\u00a0\u00bb text_text_color=\u00a0\u00bbgcid-75f8feef-8e89-48de-a593-3e169dc48f01&Prime; text_font_size=\u00a0\u00bb16px\u00a0\u00bb text_line_height=\u00a0\u00bb1.8em\u00a0\u00bb text_font_size_tablet=\u00a0\u00bb15px\u00a0\u00bb text_font_size_phone=\u00a0\u00bb14px\u00a0\u00bb text_font_size_last_edited=\u00a0\u00bbon|desktop\u00a0\u00bb global_colors_info=\u00a0\u00bb{%22gcid-75f8feef-8e89-48de-a593-3e169dc48f01%22:%91%22text_text_color%22%93}\u00a0\u00bb]<\/p>\n<div class=\"gantry-width-50\">\n<div class=\"right\">\n<p><a href=\"https:\/\/uvam-vs.ch\/wp-content\/uploads\/2025\/06\/tableau_comparatif_conditions_travail_2019-03-14.pdf\" target=\"_blank\" rel=\"noopener\"><span>Tableau comparatif des conditions de travail<\/span><\/a><\/p>\n<\/div>\n<\/div>\n<p>[\/et_pb_text][\/et_pb_column][\/et_pb_row][et_pb_row column_structure=\u00a0\u00bb2_5,3_5&Prime; use_custom_gutter=\u00a0\u00bbon\u00a0\u00bb gutter_width=\u00a0\u00bb1&Prime; make_equal=\u00a0\u00bbon\u00a0\u00bb _builder_version=\u00a0\u00bb4.27.4&Prime; _module_preset=\u00a0\u00bbdefault\u00a0\u00bb custom_padding=\u00a0\u00bb||0px|||\u00a0\u00bb locked=\u00a0\u00bboff\u00a0\u00bb global_colors_info=\u00a0\u00bb{}\u00a0\u00bb][et_pb_column type=\u00a0\u00bb2_5&Prime; _builder_version=\u00a0\u00bb4.27.4&Prime; _module_preset=\u00a0\u00bbdefault\u00a0\u00bb background_color=\u00a0\u00bbgcid-4b9eed5c-3d04-4887-bc15-8a2e9c2e3ea1&Prime; use_background_color_gradient=\u00a0\u00bbon\u00a0\u00bb background_color_gradient_stops=\u00a0\u00bbrgba(44,42,39,0.2) 0%|rgba(44,42,39,0.2) 100%\u00a0\u00bb background_color_gradient_overlays_image=\u00a0\u00bbon\u00a0\u00bb background_image=\u00a0\u00bbhttps:\/\/uvam-vs.ch\/wp-content\/uploads\/2026\/01\/Couturiere.jpg\u00a0\u00bb parallax=\u00a0\u00bbon\u00a0\u00bb border_width_all=\u00a0\u00bb60px\u00a0\u00bb border_color_all=\u00a0\u00bb#e5e1df\u00a0\u00bb border_width_all_tablet=\u00a0\u00bb8vw\u00a0\u00bb border_width_all_phone=\u00a0\u00bb8vw\u00a0\u00bb border_width_all_last_edited=\u00a0\u00bbon|desktop\u00a0\u00bb box_shadow_spread_tablet=\u00a0\u00bb30px\u00a0\u00bb box_shadow_spread_phone=\u00a0\u00bb20px\u00a0\u00bb box_shadow_spread_last_edited=\u00a0\u00bboff|desktop\u00a0\u00bb global_colors_info=\u00a0\u00bb{%22gcid-4b9eed5c-3d04-4887-bc15-8a2e9c2e3ea1%22:%91%22background_color%22,%22box_shadow_color%22%93}\u00a0\u00bb][et_pb_divider show_divider=\u00a0\u00bboff\u00a0\u00bb _builder_version=\u00a0\u00bb4.23.2&Prime; _module_preset=\u00a0\u00bbdefault\u00a0\u00bb height_tablet=\u00a0\u00bb70vw\u00a0\u00bb height_phone=\u00a0\u00bb50vw\u00a0\u00bb height_last_edited=\u00a0\u00bbon|tablet\u00a0\u00bb global_colors_info=\u00a0\u00bb{}\u00a0\u00bb][\/et_pb_divider][\/et_pb_column][et_pb_column type=\u00a0\u00bb3_5&Prime; _builder_version=\u00a0\u00bb4.23.2&Prime; _module_preset=\u00a0\u00bbdefault\u00a0\u00bb background_color=\u00a0\u00bbgcid-33ba488a-a977-4fcb-9562-ca062f22498f\u00a0\u00bb custom_padding=\u00a0\u00bb200px|95px|200px|95px|true|true\u00a0\u00bb custom_padding_tablet=\u00a0\u00bb10vw|10vw|10vw|10vw|true|true\u00a0\u00bb custom_padding_phone=\u00a0\u00bb||||false|false\u00a0\u00bb custom_padding_last_edited=\u00a0\u00bbon|tablet\u00a0\u00bb mix_blend_mode=\u00a0\u00bbmultiply\u00a0\u00bb global_colors_info=\u00a0\u00bb{%22gcid-33ba488a-a977-4fcb-9562-ca062f22498f%22:%91%22background_color%22,%22background_color%22,%22background_color%22,%22background_color%22,%22background_color%22%93}\u00a0\u00bb][et_pb_divider show_divider=\u00a0\u00bboff\u00a0\u00bb _builder_version=\u00a0\u00bb4.23.2&Prime; _module_preset=\u00a0\u00bbdefault\u00a0\u00bb positioning=\u00a0\u00bbabsolute\u00a0\u00bb width=\u00a0\u00bb230px\u00a0\u00bb width_tablet=\u00a0\u00bb30%\u00a0\u00bb width_phone=\u00a0\u00bb30%\u00a0\u00bb width_last_edited=\u00a0\u00bbon|tablet\u00a0\u00bb height=\u00a0\u00bb230px\u00a0\u00bb height_tablet=\u00a0\u00bb40%\u00a0\u00bb height_phone=\u00a0\u00bbauto\u00a0\u00bb height_last_edited=\u00a0\u00bbon|phone\u00a0\u00bb custom_margin=\u00a0\u00bb170px||3px|60px|false|false\u00a0\u00bb custom_margin_tablet=\u00a0\u00bb5vw|||5vw|false|false\u00a0\u00bb custom_margin_phone=\u00a0\u00bb||||false|false\u00a0\u00bb custom_margin_last_edited=\u00a0\u00bbon|tablet\u00a0\u00bb border_color_all=\u00a0\u00bbrgba(255,255,255,0.4)\u00a0\u00bb border_width_top=\u00a0\u00bb1px\u00a0\u00bb border_width_left=\u00a0\u00bb1px\u00a0\u00bb global_colors_info=\u00a0\u00bb{}\u00a0\u00bb][\/et_pb_divider][et_pb_text _builder_version=\u00a0\u00bb4.27.4&Prime; _module_preset=\u00a0\u00bb_initial\u00a0\u00bb header_2_font=\u00a0\u00bbHedvig Letters Serif||||||||\u00a0\u00bb header_2_text_color=\u00a0\u00bb#FFFFFF\u00a0\u00bb header_2_font_size=\u00a0\u00bb52px\u00a0\u00bb header_2_line_height=\u00a0\u00bb1.2em\u00a0\u00bb custom_margin=\u00a0\u00bb||10px||false|false\u00a0\u00bb header_2_font_size_tablet=\u00a0\u00bb32px\u00a0\u00bb header_2_font_size_phone=\u00a0\u00bb20px\u00a0\u00bb header_2_font_size_last_edited=\u00a0\u00bbon|desktop\u00a0\u00bb locked=\u00a0\u00bboff\u00a0\u00bb global_colors_info=\u00a0\u00bb{}\u00a0\u00bb]<\/p>\n<h2>Les d\u00e9fis des PME face \u00e0 une fiscalit\u00e9 en mutation<\/h2>\n<p>[\/et_pb_text][et_pb_text _builder_version=\u00a0\u00bb4.27.4&Prime; _module_preset=\u00a0\u00bb_initial\u00a0\u00bb text_font=\u00a0\u00bbInter||||||||\u00a0\u00bb text_text_color=\u00a0\u00bbrgba(255,255,255,0.7)\u00a0\u00bb text_font_size=\u00a0\u00bb16px\u00a0\u00bb text_line_height=\u00a0\u00bb1.8em\u00a0\u00bb text_font_size_tablet=\u00a0\u00bb15px\u00a0\u00bb text_font_size_phone=\u00a0\u00bb14px\u00a0\u00bb text_font_size_last_edited=\u00a0\u00bbon|desktop\u00a0\u00bb global_colors_info=\u00a0\u00bb{}\u00a0\u00bb]<\/p>\n<ul>\n<li><span style=\"color: #ffffff;\"><a href=\"https:\/\/uvam-vs.ch\/wp-content\/uploads\/2025\/06\/seminaire_fiscalite_presentation_ludovic_carron.pdf\" target=\"_blank\" rel=\"noopener\" style=\"color: #ffffff;\">\u00c9volution de la fiscalit\u00e9, par Ludovic Carron<\/a><\/span><\/li>\n<\/ul>\n<p>&nbsp;<\/p>\n<ul>\n<li><span style=\"color: #ffffff;\"><a href=\"https:\/\/uvam-vs.ch\/wp-content\/uploads\/2025\/06\/seminaire_fiscalite_presentation_nofival.pdf\" target=\"_blank\" rel=\"noopener\" style=\"color: #ffffff;\">Transformation des raisons individuelles en soci\u00e9t\u00e9s anonymes, par Julien Monod de la fiduciaire Nofival<\/a><\/span><\/li>\n<\/ul>\n<p>&nbsp;<\/p>\n<ul>\n<li><span style=\"color: #ffffff;\"><a href=\"https:\/\/uvam-vs.ch\/wp-content\/uploads\/2025\/06\/seminaire_fiscalite_presentation_lombard_odier.pdf\" target=\"_blank\" rel=\"noopener\" style=\"color: #ffffff;\">La pr\u00e9voyance au service des dirigeants de PME, par Tristan Roduit de la Banque Lombard Odier<\/a><\/span><\/li>\n<\/ul>\n<p>[\/et_pb_text][\/et_pb_column][\/et_pb_row][et_pb_row column_structure=\u00a0\u00bb3_5,2_5&Prime; use_custom_gutter=\u00a0\u00bbon\u00a0\u00bb gutter_width=\u00a0\u00bb1&Prime; make_equal=\u00a0\u00bbon\u00a0\u00bb _builder_version=\u00a0\u00bb4.27.4&Prime; _module_preset=\u00a0\u00bbdefault\u00a0\u00bb custom_padding=\u00a0\u00bb||0px|||\u00a0\u00bb locked=\u00a0\u00bboff\u00a0\u00bb global_colors_info=\u00a0\u00bb{}\u00a0\u00bb][et_pb_column type=\u00a0\u00bb3_5&Prime; _builder_version=\u00a0\u00bb4.23.2&Prime; _module_preset=\u00a0\u00bbdefault\u00a0\u00bb background_color=\u00a0\u00bbgcid-33ba488a-a977-4fcb-9562-ca062f22498f\u00a0\u00bb custom_padding=\u00a0\u00bb200px|95px|200px|95px|true|true\u00a0\u00bb custom_padding_tablet=\u00a0\u00bb10vw|10vw|10vw|10vw|true|true\u00a0\u00bb custom_padding_phone=\u00a0\u00bb||||false|false\u00a0\u00bb custom_padding_last_edited=\u00a0\u00bbon|tablet\u00a0\u00bb mix_blend_mode=\u00a0\u00bbmultiply\u00a0\u00bb global_colors_info=\u00a0\u00bb{%22gcid-33ba488a-a977-4fcb-9562-ca062f22498f%22:%91%22background_color%22,%22background_color%22,%22background_color%22,%22background_color%22,%22background_color%22%93}\u00a0\u00bb][et_pb_divider show_divider=\u00a0\u00bboff\u00a0\u00bb _builder_version=\u00a0\u00bb4.23.2&Prime; _module_preset=\u00a0\u00bbdefault\u00a0\u00bb height_tablet=\u00a0\u00bb70vw\u00a0\u00bb height_phone=\u00a0\u00bb50vw\u00a0\u00bb height_last_edited=\u00a0\u00bbon|tablet\u00a0\u00bb global_colors_info=\u00a0\u00bb{}\u00a0\u00bb][\/et_pb_divider][et_pb_divider show_divider=\u00a0\u00bboff\u00a0\u00bb _builder_version=\u00a0\u00bb4.23.2&Prime; _module_preset=\u00a0\u00bbdefault\u00a0\u00bb positioning=\u00a0\u00bbabsolute\u00a0\u00bb width=\u00a0\u00bb230px\u00a0\u00bb width_tablet=\u00a0\u00bb30%\u00a0\u00bb width_phone=\u00a0\u00bb30%\u00a0\u00bb width_last_edited=\u00a0\u00bbon|tablet\u00a0\u00bb height=\u00a0\u00bb230px\u00a0\u00bb height_tablet=\u00a0\u00bb40%\u00a0\u00bb height_phone=\u00a0\u00bbauto\u00a0\u00bb height_last_edited=\u00a0\u00bbon|phone\u00a0\u00bb custom_margin=\u00a0\u00bb170px|||60px|false|false\u00a0\u00bb custom_margin_tablet=\u00a0\u00bb5vw|||5vw|false|false\u00a0\u00bb custom_margin_phone=\u00a0\u00bb||||false|false\u00a0\u00bb custom_margin_last_edited=\u00a0\u00bbon|tablet\u00a0\u00bb border_color_all=\u00a0\u00bbrgba(255,255,255,0.4)\u00a0\u00bb border_width_top=\u00a0\u00bb1px\u00a0\u00bb border_width_left=\u00a0\u00bb1px\u00a0\u00bb global_colors_info=\u00a0\u00bb{}\u00a0\u00bb][\/et_pb_divider][et_pb_text _builder_version=\u00a0\u00bb4.27.4&Prime; _module_preset=\u00a0\u00bb_initial\u00a0\u00bb header_2_font=\u00a0\u00bbHedvig Letters Serif||||||||\u00a0\u00bb header_2_text_color=\u00a0\u00bb#FFFFFF\u00a0\u00bb header_2_font_size=\u00a0\u00bb52px\u00a0\u00bb header_2_line_height=\u00a0\u00bb1.2em\u00a0\u00bb custom_margin=\u00a0\u00bb||10px||false|false\u00a0\u00bb header_2_font_size_tablet=\u00a0\u00bb32px\u00a0\u00bb header_2_font_size_phone=\u00a0\u00bb20px\u00a0\u00bb header_2_font_size_last_edited=\u00a0\u00bbon|desktop\u00a0\u00bb locked=\u00a0\u00bboff\u00a0\u00bb global_colors_info=\u00a0\u00bb{}\u00a0\u00bb]<\/p>\n<h2>R\u00e8glements relatifs au remboursement des frais dans le secteur valaisan des arts et m\u00e9tiers<\/h2>\n<p>[\/et_pb_text][et_pb_text _builder_version=\u00a0\u00bb4.27.4&Prime; _module_preset=\u00a0\u00bb_initial\u00a0\u00bb text_font=\u00a0\u00bbInter||||||||\u00a0\u00bb text_text_color=\u00a0\u00bbrgba(255,255,255,0.7)\u00a0\u00bb text_font_size=\u00a0\u00bb16px\u00a0\u00bb text_line_height=\u00a0\u00bb1.8em\u00a0\u00bb text_font_size_tablet=\u00a0\u00bb15px\u00a0\u00bb text_font_size_phone=\u00a0\u00bb14px\u00a0\u00bb text_font_size_last_edited=\u00a0\u00bbon|desktop\u00a0\u00bb global_colors_info=\u00a0\u00bb{}\u00a0\u00bb]<\/p>\n<ul>\n<li><span style=\"color: #ffffff;\"><a href=\"https:\/\/uvam-vs.ch\/wp-content\/uploads\/2025\/06\/seminaire_fiscalite_presentation_ludovic_carron.pdf\" target=\"_blank\" rel=\"noopener\" style=\"color: #ffffff;\"><\/a><a href=\"https:\/\/uvam-vs.ch\/wp-content\/uploads\/2025\/06\/reglement_remb_frais_general.pdf\" target=\"_blank\" rel=\"noopener\" style=\"color: #ffffff;\">R\u00e8glement g\u00e9n\u00e9ral<\/a><a href=\"https:\/\/uvam-vs.ch\/wp-content\/uploads\/2025\/06\/seminaire_fiscalite_presentation_ludovic_carron.pdf\" target=\"_blank\" rel=\"noopener\" style=\"color: #ffffff;\"><\/a><\/span><\/li>\n<\/ul>\n<p>&nbsp;<\/p>\n<ul>\n<li><span style=\"color: #ffffff;\"><a href=\"https:\/\/uvam-vs.ch\/wp-content\/uploads\/2025\/06\/reglement_remb_frais_direction.pdf\" target=\"_blank\" rel=\"noopener\" style=\"color: #ffffff;\">R\u00e8glement compl\u00e9mentaire pour les cadres et membres de la direction<\/a><\/span><\/li>\n<\/ul>\n<p>&nbsp;<\/p>\n<ul>\n<li><a href=\"https:\/\/uvam-vs.ch\/wp-content\/uploads\/2025\/06\/reglement_remb_frais_service_externe.pdf\"><span style=\"color: #ffffff;\">R\u00e8glement compl\u00e9mentaire pour le personnel externe de vente<\/span><\/a><\/li>\n<\/ul>\n<p>[\/et_pb_text][\/et_pb_column][et_pb_column type=\u00a0\u00bb2_5&Prime; _builder_version=\u00a0\u00bb4.27.4&Prime; _module_preset=\u00a0\u00bbdefault\u00a0\u00bb background_color=\u00a0\u00bbgcid-4b9eed5c-3d04-4887-bc15-8a2e9c2e3ea1&Prime; use_background_color_gradient=\u00a0\u00bbon\u00a0\u00bb background_color_gradient_stops=\u00a0\u00bbrgba(44,42,39,0.2) 0%|rgba(44,42,39,0.2) 100%\u00a0\u00bb background_color_gradient_overlays_image=\u00a0\u00bbon\u00a0\u00bb background_image=\u00a0\u00bbhttps:\/\/uvam-vs.ch\/wp-content\/uploads\/2026\/01\/Hotellerie.jpg\u00a0\u00bb parallax=\u00a0\u00bbon\u00a0\u00bb border_width_all=\u00a0\u00bb60px\u00a0\u00bb border_color_all=\u00a0\u00bb#e5e1df\u00a0\u00bb border_width_all_tablet=\u00a0\u00bb8vw\u00a0\u00bb border_width_all_phone=\u00a0\u00bb8vw\u00a0\u00bb border_width_all_last_edited=\u00a0\u00bbon|desktop\u00a0\u00bb box_shadow_spread_tablet=\u00a0\u00bb30px\u00a0\u00bb box_shadow_spread_phone=\u00a0\u00bb20px\u00a0\u00bb box_shadow_spread_last_edited=\u00a0\u00bboff|desktop\u00a0\u00bb global_colors_info=\u00a0\u00bb{%22gcid-4b9eed5c-3d04-4887-bc15-8a2e9c2e3ea1%22:%91%22background_color%22,%22box_shadow_color%22%93}\u00a0\u00bb][\/et_pb_column][\/et_pb_row][\/et_pb_section]<\/p>\n","protected":false},"excerpt":{"rendered":"<p>Documentation : Tableau comparatif des conditions de travail Les d\u00e9fis des PME face \u00e0 une fiscalit\u00e9 en mutation \u00c9volution de la fiscalit\u00e9, par Ludovic Carron &nbsp; Transformation des raisons individuelles en soci\u00e9t\u00e9s anonymes, par Julien Monod de la fiduciaire Nofival &nbsp; La pr\u00e9voyance au service des dirigeants de PME, par Tristan Roduit de la Banque [&hellip;]<\/p>\n","protected":false},"author":1,"featured_media":0,"parent":0,"menu_order":0,"comment_status":"closed","ping_status":"closed","template":"","meta":{"_et_pb_use_builder":"on","_et_pb_old_content":"","_et_gb_content_width":"","footnotes":""},"class_list":["post-304","page","type-page","status-publish","hentry"],"yoast_head":"<!-- This site is optimized with the Yoast SEO plugin v26.9 - https:\/\/yoast.com\/product\/yoast-seo-wordpress\/ -->\n<title>Documentation - UVAM<\/title>\n<meta name=\"robots\" content=\"index, follow, max-snippet:-1, max-image-preview:large, max-video-preview:-1\" \/>\n<link rel=\"canonical\" href=\"https:\/\/uvam-vs.ch\/de\/documentation\/\" \/>\n<meta property=\"og:locale\" content=\"de_DE\" \/>\n<meta property=\"og:type\" content=\"article\" \/>\n<meta property=\"og:title\" content=\"Documentation - UVAM\" \/>\n<meta property=\"og:description\" content=\"Documentation : Tableau comparatif des conditions de travail Les d\u00e9fis des PME face \u00e0 une fiscalit\u00e9 en mutation \u00c9volution de la fiscalit\u00e9, par Ludovic Carron &nbsp; Transformation des raisons individuelles en soci\u00e9t\u00e9s anonymes, par Julien Monod de la fiduciaire Nofival &nbsp; La pr\u00e9voyance au service des dirigeants de PME, par Tristan Roduit de la Banque [&hellip;]\" \/>\n<meta property=\"og:url\" content=\"https:\/\/uvam-vs.ch\/de\/documentation\/\" \/>\n<meta property=\"og:site_name\" content=\"UVAM\" \/>\n<meta property=\"article:publisher\" content=\"https:\/\/www.facebook.com\/infouvam\" \/>\n<meta property=\"article:modified_time\" content=\"2026-02-03T12:24:41+00:00\" \/>\n<meta name=\"twitter:card\" content=\"summary_large_image\" \/>\n<meta name=\"twitter:label1\" content=\"Gesch\u00e4tzte Lesezeit\" \/>\n\t<meta name=\"twitter:data1\" content=\"6\u00a0Minuten\" \/>\n<script type=\"application\/ld+json\" class=\"yoast-schema-graph\">{\"@context\":\"https:\/\/schema.org\",\"@graph\":[{\"@type\":\"WebPage\",\"@id\":\"https:\/\/uvam-vs.ch\/documentation\/\",\"url\":\"https:\/\/uvam-vs.ch\/documentation\/\",\"name\":\"Documentation - UVAM\",\"isPartOf\":{\"@id\":\"https:\/\/uvam-vs.ch\/#website\"},\"datePublished\":\"2025-06-18T13:42:25+00:00\",\"dateModified\":\"2026-02-03T12:24:41+00:00\",\"breadcrumb\":{\"@id\":\"https:\/\/uvam-vs.ch\/documentation\/#breadcrumb\"},\"inLanguage\":\"de\",\"potentialAction\":[{\"@type\":\"ReadAction\",\"target\":[\"https:\/\/uvam-vs.ch\/documentation\/\"]}]},{\"@type\":\"BreadcrumbList\",\"@id\":\"https:\/\/uvam-vs.ch\/documentation\/#breadcrumb\",\"itemListElement\":[{\"@type\":\"ListItem\",\"position\":1,\"name\":\"Accueil\",\"item\":\"https:\/\/uvam-vs.ch\/\"},{\"@type\":\"ListItem\",\"position\":2,\"name\":\"Documentation\"}]},{\"@type\":\"WebSite\",\"@id\":\"https:\/\/uvam-vs.ch\/#website\",\"url\":\"https:\/\/uvam-vs.ch\/\",\"name\":\"UVAM\",\"description\":\"\",\"publisher\":{\"@id\":\"https:\/\/uvam-vs.ch\/#organization\"},\"potentialAction\":[{\"@type\":\"SearchAction\",\"target\":{\"@type\":\"EntryPoint\",\"urlTemplate\":\"https:\/\/uvam-vs.ch\/?s={search_term_string}\"},\"query-input\":{\"@type\":\"PropertyValueSpecification\",\"valueRequired\":true,\"valueName\":\"search_term_string\"}}],\"inLanguage\":\"de\"},{\"@type\":\"Organization\",\"@id\":\"https:\/\/uvam-vs.ch\/#organization\",\"name\":\"UVAM\",\"url\":\"https:\/\/uvam-vs.ch\/\",\"logo\":{\"@type\":\"ImageObject\",\"inLanguage\":\"de\",\"@id\":\"https:\/\/uvam-vs.ch\/#\/schema\/logo\/image\/\",\"url\":\"https:\/\/uvam-vs.ch\/wp-content\/uploads\/2025\/06\/uvam-wgv_couleur.png\",\"contentUrl\":\"https:\/\/uvam-vs.ch\/wp-content\/uploads\/2025\/06\/uvam-wgv_couleur.png\",\"width\":1800,\"height\":1200,\"caption\":\"UVAM\"},\"image\":{\"@id\":\"https:\/\/uvam-vs.ch\/#\/schema\/logo\/image\/\"},\"sameAs\":[\"https:\/\/www.facebook.com\/infouvam\",\"https:\/\/www.linkedin.com\/company\/infouvam\"]}]}<\/script>\n<!-- \/ Yoast SEO plugin. -->","yoast_head_json":{"title":"Documentation - UVAM","robots":{"index":"index","follow":"follow","max-snippet":"max-snippet:-1","max-image-preview":"max-image-preview:large","max-video-preview":"max-video-preview:-1"},"canonical":"https:\/\/uvam-vs.ch\/de\/documentation\/","og_locale":"de_DE","og_type":"article","og_title":"Documentation - UVAM","og_description":"Documentation : Tableau comparatif des conditions de travail Les d\u00e9fis des PME face \u00e0 une fiscalit\u00e9 en mutation \u00c9volution de la fiscalit\u00e9, par Ludovic Carron &nbsp; Transformation des raisons individuelles en soci\u00e9t\u00e9s anonymes, par Julien Monod de la fiduciaire Nofival &nbsp; La pr\u00e9voyance au service des dirigeants de PME, par Tristan Roduit de la Banque [&hellip;]","og_url":"https:\/\/uvam-vs.ch\/de\/documentation\/","og_site_name":"UVAM","article_publisher":"https:\/\/www.facebook.com\/infouvam","article_modified_time":"2026-02-03T12:24:41+00:00","twitter_card":"summary_large_image","twitter_misc":{"Gesch\u00e4tzte Lesezeit":"6\u00a0Minuten"},"schema":{"@context":"https:\/\/schema.org","@graph":[{"@type":"WebPage","@id":"https:\/\/uvam-vs.ch\/documentation\/","url":"https:\/\/uvam-vs.ch\/documentation\/","name":"Documentation - UVAM","isPartOf":{"@id":"https:\/\/uvam-vs.ch\/#website"},"datePublished":"2025-06-18T13:42:25+00:00","dateModified":"2026-02-03T12:24:41+00:00","breadcrumb":{"@id":"https:\/\/uvam-vs.ch\/documentation\/#breadcrumb"},"inLanguage":"de","potentialAction":[{"@type":"ReadAction","target":["https:\/\/uvam-vs.ch\/documentation\/"]}]},{"@type":"BreadcrumbList","@id":"https:\/\/uvam-vs.ch\/documentation\/#breadcrumb","itemListElement":[{"@type":"ListItem","position":1,"name":"Accueil","item":"https:\/\/uvam-vs.ch\/"},{"@type":"ListItem","position":2,"name":"Documentation"}]},{"@type":"WebSite","@id":"https:\/\/uvam-vs.ch\/#website","url":"https:\/\/uvam-vs.ch\/","name":"WGV","description":"","publisher":{"@id":"https:\/\/uvam-vs.ch\/#organization"},"potentialAction":[{"@type":"SearchAction","target":{"@type":"EntryPoint","urlTemplate":"https:\/\/uvam-vs.ch\/?s={search_term_string}"},"query-input":{"@type":"PropertyValueSpecification","valueRequired":true,"valueName":"search_term_string"}}],"inLanguage":"de"},{"@type":"Organization","@id":"https:\/\/uvam-vs.ch\/#organization","name":"WGV","url":"https:\/\/uvam-vs.ch\/","logo":{"@type":"ImageObject","inLanguage":"de","@id":"https:\/\/uvam-vs.ch\/#\/schema\/logo\/image\/","url":"https:\/\/uvam-vs.ch\/wp-content\/uploads\/2025\/06\/uvam-wgv_couleur.png","contentUrl":"https:\/\/uvam-vs.ch\/wp-content\/uploads\/2025\/06\/uvam-wgv_couleur.png","width":1800,"height":1200,"caption":"UVAM"},"image":{"@id":"https:\/\/uvam-vs.ch\/#\/schema\/logo\/image\/"},"sameAs":["https:\/\/www.facebook.com\/infouvam","https:\/\/www.linkedin.com\/company\/infouvam"]}]}},"_links":{"self":[{"href":"https:\/\/uvam-vs.ch\/de\/wp-json\/wp\/v2\/pages\/304","targetHints":{"allow":["GET"]}}],"collection":[{"href":"https:\/\/uvam-vs.ch\/de\/wp-json\/wp\/v2\/pages"}],"about":[{"href":"https:\/\/uvam-vs.ch\/de\/wp-json\/wp\/v2\/types\/page"}],"author":[{"embeddable":true,"href":"https:\/\/uvam-vs.ch\/de\/wp-json\/wp\/v2\/users\/1"}],"replies":[{"embeddable":true,"href":"https:\/\/uvam-vs.ch\/de\/wp-json\/wp\/v2\/comments?post=304"}],"version-history":[{"count":8,"href":"https:\/\/uvam-vs.ch\/de\/wp-json\/wp\/v2\/pages\/304\/revisions"}],"predecessor-version":[{"id":1530,"href":"https:\/\/uvam-vs.ch\/de\/wp-json\/wp\/v2\/pages\/304\/revisions\/1530"}],"wp:attachment":[{"href":"https:\/\/uvam-vs.ch\/de\/wp-json\/wp\/v2\/media?parent=304"}],"curies":[{"name":"wp","href":"https:\/\/api.w.org\/{rel}","templated":true}]}}