{"id":727,"date":"2025-10-21T13:39:13","date_gmt":"2025-10-21T13:39:13","guid":{"rendered":"https:\/\/dev2025.uvam-vs.ch\/?page_id=727"},"modified":"2025-10-21T14:04:27","modified_gmt":"2025-10-21T14:04:27","slug":"bulletin-commande-tribune-economique","status":"publish","type":"page","link":"https:\/\/uvam-vs.ch\/de\/bulletin-commande-tribune-economique\/","title":{"rendered":"Bulletin commande Tribune Economique"},"content":{"rendered":"<p>[et_pb_section fb_built=\u00a0\u00bb1&Prime; admin_label=\u00a0\u00bbVideo\u00a0\u00bb _builder_version=\u00a0\u00bb4.27.4&Prime; _module_preset=\u00a0\u00bbdefault\u00a0\u00bb background_color=\u00a0\u00bb#FFFFFF\u00a0\u00bb min_height=\u00a0\u00bb214.4px\u00a0\u00bb custom_margin=\u00a0\u00bb-2px||-50px|||\u00a0\u00bb custom_padding=\u00a0\u00bb100px|||||\u00a0\u00bb collapsed=\u00a0\u00bbon\u00a0\u00bb global_colors_info=\u00a0\u00bb{}\u00a0\u00bb][et_pb_row _builder_version=\u00a0\u00bb4.23.2&Prime; _module_preset=\u00a0\u00bbdefault\u00a0\u00bb max_width=\u00a0\u00bb800px\u00a0\u00bb global_colors_info=\u00a0\u00bb{}\u00a0\u00bb][et_pb_column type=\u00a0\u00bb4_4&Prime; _builder_version=\u00a0\u00bb4.23.2&Prime; _module_preset=\u00a0\u00bbdefault\u00a0\u00bb global_colors_info=\u00a0\u00bb{}\u00a0\u00bb][et_pb_text _builder_version=\u00a0\u00bb4.27.4&Prime; _module_preset=\u00a0\u00bb_initial\u00a0\u00bb header_2_font=\u00a0\u00bbHedvig Letters Serif||||||||\u00a0\u00bb header_2_text_color=\u00a0\u00bbgcid-3c3581c1-f373-4686-aa51-f9f01c8ffd79&Prime; header_2_font_size=\u00a0\u00bb52px\u00a0\u00bb header_2_line_height=\u00a0\u00bb1.2em\u00a0\u00bb custom_margin=\u00a0\u00bb||-5px||false|false\u00a0\u00bb header_2_font_size_tablet=\u00a0\u00bb32px\u00a0\u00bb header_2_font_size_phone=\u00a0\u00bb20px\u00a0\u00bb header_2_font_size_last_edited=\u00a0\u00bbon|desktop\u00a0\u00bb global_colors_info=\u00a0\u00bb{%22gcid-3c3581c1-f373-4686-aa51-f9f01c8ffd79%22:%91%22header_2_text_color%22%93}\u00a0\u00bb]<\/p>\n<h2 style=\"text-align: center;\">Tribune Economique<\/h2>\n<p>[\/et_pb_text][et_pb_image src=\u00a0\u00bbhttps:\/\/uvam-vs.ch\/wp-content\/uploads\/2025\/05\/separation-etoile-300&#215;13.png\u00a0\u00bb title_text=\u00a0\u00bbs\u00e9paration-\u00e9toile\u00a0\u00bb align=\u00a0\u00bbcenter\u00a0\u00bb _builder_version=\u00a0\u00bb4.27.4&Prime; _module_preset=\u00a0\u00bbdefault\u00a0\u00bb global_colors_info=\u00a0\u00bb{}\u00a0\u00bb][\/et_pb_image][\/et_pb_column][\/et_pb_row][\/et_pb_section][et_pb_section fb_built=\u00a0\u00bb1&Prime; admin_label=\u00a0\u00bbVideo\u00a0\u00bb _builder_version=\u00a0\u00bb4.27.4&Prime; _module_preset=\u00a0\u00bbdefault\u00a0\u00bb background_color=\u00a0\u00bbgcid-fc7afca1-7302-4e55-829d-3d445387c282&Prime; background_enable_image=\u00a0\u00bboff\u00a0\u00bb background_size=\u00a0\u00bbinitial\u00a0\u00bb background_position=\u00a0\u00bbbottom_right\u00a0\u00bb background_video_mp4=\u00a0\u00bbhttps:\/\/uvam-vs.ch\/wp-content\/uploads\/2025\/09\/etoile-uvam_large_beige.mp4&Prime; min_height=\u00a0\u00bb630px\u00a0\u00bb custom_padding=\u00a0\u00bb9px||152px||false|false\u00a0\u00bb collapsed=\u00a0\u00bbon\u00a0\u00bb global_colors_info=\u00a0\u00bb{%22gcid-fc7afca1-7302-4e55-829d-3d445387c282%22:%91%22background_color%22%93}\u00a0\u00bb][et_pb_row _builder_version=\u00a0\u00bb4.23.2&Prime; _module_preset=\u00a0\u00bbdefault\u00a0\u00bb global_colors_info=\u00a0\u00bb{}\u00a0\u00bb][et_pb_column type=\u00a0\u00bb4_4&Prime; _builder_version=\u00a0\u00bb4.23.2&Prime; _module_preset=\u00a0\u00bbdefault\u00a0\u00bb global_colors_info=\u00a0\u00bb{}\u00a0\u00bb][et_pb_text _builder_version=\u00a0\u00bb4.27.4&Prime; _module_preset=\u00a0\u00bb_initial\u00a0\u00bb header_2_font=\u00a0\u00bbHedvig Letters Serif||||||||\u00a0\u00bb header_2_text_color=\u00a0\u00bbgcid-3c3581c1-f373-4686-aa51-f9f01c8ffd79&Prime; header_2_font_size=\u00a0\u00bb52px\u00a0\u00bb header_2_line_height=\u00a0\u00bb1.2em\u00a0\u00bb custom_margin=\u00a0\u00bb||10px||false|false\u00a0\u00bb header_2_font_size_tablet=\u00a0\u00bb32px\u00a0\u00bb header_2_font_size_phone=\u00a0\u00bb20px\u00a0\u00bb header_2_font_size_last_edited=\u00a0\u00bbon|desktop\u00a0\u00bb global_colors_info=\u00a0\u00bb{%22gcid-3c3581c1-f373-4686-aa51-f9f01c8ffd79%22:%91%22header_2_text_color%22%93}\u00a0\u00bb]<\/p>\n<h3 style=\"text-align: center;\">souscrivez votre abonnement annuel <br \/>au trimestriel Tribune Economique<\/h3>\n<p>[\/et_pb_text][et_pb_code _builder_version=\u00a0\u00bb4.27.4&Prime; _module_preset=\u00a0\u00bbdefault\u00a0\u00bb hover_enabled=\u00a0\u00bb0&Prime; global_colors_info=\u00a0\u00bb{}\u00a0\u00bb sticky_enabled=\u00a0\u00bb0&Prime;]\n<div class=\"wpcf7 no-js\" id=\"wpcf7-f724-o1\" lang=\"fr-FR\" dir=\"ltr\" data-wpcf7-id=\"724\">\n<div class=\"screen-reader-response\"><p role=\"status\" aria-live=\"polite\" aria-atomic=\"true\"><\/p> <ul><\/ul><\/div>\n<form action=\"\/de\/wp-json\/wp\/v2\/pages\/727#wpcf7-f724-o1\" method=\"post\" class=\"wpcf7-form init\" aria-label=\"Formulaire de contact\" novalidate=\"novalidate\" data-status=\"init\">\n<fieldset class=\"hidden-fields-container\"><input type=\"hidden\" name=\"_wpcf7\" value=\"724\" \/><input type=\"hidden\" name=\"_wpcf7_version\" value=\"6.1.5\" \/><input type=\"hidden\" name=\"_wpcf7_locale\" value=\"fr_FR\" \/><input type=\"hidden\" name=\"_wpcf7_unit_tag\" value=\"wpcf7-f724-o1\" \/><input type=\"hidden\" name=\"_wpcf7_container_post\" value=\"0\" \/><input type=\"hidden\" name=\"_wpcf7_posted_data_hash\" value=\"\" \/>\n<\/fieldset>\n<p><label> Politesse<br \/>\n<span class=\"wpcf7-form-control-wrap\" data-name=\"politesse\"><select class=\"wpcf7-form-control wpcf7-select wpcf7-validates-as-required\" aria-required=\"true\" aria-invalid=\"false\" name=\"politesse\"><option value=\"\">&#8212;Veuillez choisir une option&#8212;<\/option><option value=\"Madame\">Madame<\/option><option value=\"Monsieur\">Monsieur<\/option><\/select><\/span> <\/label>\n<\/p>\n<p><label for=\"your-name\">Nom<\/label><br \/>\n<span class=\"wpcf7-form-control-wrap\" data-name=\"your-name\"><input size=\"40\" maxlength=\"400\" class=\"wpcf7-form-control wpcf7-text wpcf7-validates-as-required\" aria-required=\"true\" aria-invalid=\"false\" placeholder=\"Votre nom\" value=\"\" type=\"text\" name=\"your-name\" \/><\/span>\n<\/p>\n<p><label for=\"your-surname\">Pr\u00e9nom<\/label><br \/>\n<span class=\"wpcf7-form-control-wrap\" data-name=\"your-surname\"><input size=\"40\" maxlength=\"400\" class=\"wpcf7-form-control wpcf7-text wpcf7-validates-as-required\" aria-required=\"true\" aria-invalid=\"false\" placeholder=\"Votre pr\u00e9nom\" value=\"\" type=\"text\" name=\"your-surname\" \/><\/span>\n<\/p>\n<p><label for=\"your-surname\">Entreprise (facultatif)<\/label><br \/>\n<span class=\"wpcf7-form-control-wrap\" data-name=\"your-entreprise\"><input size=\"40\" maxlength=\"400\" class=\"wpcf7-form-control wpcf7-text\" aria-invalid=\"false\" placeholder=\"Nom de votre entreprise\" value=\"\" type=\"text\" name=\"your-entreprise\" \/><\/span>\n<\/p>\n<p><label for=\"your-adresse\">Adresse<\/label><br \/>\n<span class=\"wpcf7-form-control-wrap\" data-name=\"your-adresse\"><input size=\"40\" maxlength=\"400\" class=\"wpcf7-form-control wpcf7-text wpcf7-validates-as-required\" aria-required=\"true\" aria-invalid=\"false\" placeholder=\"Rue et n\u00b0\" value=\"\" type=\"text\" name=\"your-adresse\" \/><\/span>\n<\/p>\n<p><label> NPA et Ville<br \/>\n<span class=\"wpcf7-form-control-wrap\" data-name=\"NP\"><input class=\"wpcf7-form-control wpcf7-number wpcf7-validates-as-required wpcf7-validates-as-number\" aria-required=\"true\" aria-invalid=\"false\" placeholder=\"1234\" value=\"\" type=\"number\" name=\"NP\" \/><\/span><\/label>\n<\/p>\n<p><label> <span class=\"wpcf7-form-control-wrap\" data-name=\"Localite\"><input size=\"40\" maxlength=\"400\" class=\"wpcf7-form-control wpcf7-text wpcf7-validates-as-required\" aria-required=\"true\" aria-invalid=\"false\" placeholder=\"Votre localit\u00e9\" value=\"\" type=\"text\" name=\"Localite\" \/><\/span><br \/>\n<\/label>\n<\/p>\n<p><label> Tel :<br \/>\n<span class=\"wpcf7-form-control-wrap\" data-name=\"Tel\"><input size=\"40\" maxlength=\"400\" class=\"wpcf7-form-control wpcf7-tel wpcf7-validates-as-required wpcf7-text wpcf7-validates-as-tel\" aria-required=\"true\" aria-invalid=\"false\" placeholder=\"N\u00b0 de t\u00e9l\u00e9phone\" value=\"\" type=\"tel\" name=\"Tel\" \/><\/span><\/label>\n<\/p>\n<p><label> Email :<br \/>\n<span class=\"wpcf7-form-control-wrap\" data-name=\"your-email\"><input size=\"40\" maxlength=\"400\" class=\"wpcf7-form-control wpcf7-email wpcf7-validates-as-required wpcf7-text wpcf7-validates-as-email\" aria-required=\"true\" aria-invalid=\"false\" placeholder=\"adresse e-mail\" value=\"\" type=\"email\" name=\"your-email\" \/><\/span><br \/>\n<\/label>\n<\/p>\n<p><label> Bulletin de commande - abonnement annuel<br \/>\n<span class=\"wpcf7-form-control-wrap\" data-name=\"checkbox-266\"><span class=\"wpcf7-form-control wpcf7-checkbox wpcf7-validates-as-required\"><span class=\"wpcf7-list-item first last\"><label><input type=\"checkbox\" name=\"checkbox-266[]\" value=\"Je souscris \u00e0 un abonnement annuel \u00e0 la Tribune Economique au prix de CHF 35.-\" \/><span class=\"wpcf7-list-item-label\">Je souscris \u00e0 un abonnement annuel \u00e0 la Tribune Economique au prix de CHF 35.-<\/span><\/label><\/span><\/span><\/span> <\/label>\n<\/p>\n<p><label> Votre message (facultatif)<br \/>\n<span class=\"wpcf7-form-control-wrap\" data-name=\"your-message\"><textarea cols=\"40\" rows=\"10\" maxlength=\"2000\" class=\"wpcf7-form-control wpcf7-textarea\" aria-invalid=\"false\" name=\"your-message\"><\/textarea><\/span> <\/label>\n<\/p>\n<p><input class=\"wpcf7-form-control wpcf7-submit has-spinner\" type=\"submit\" value=\"Souscrire \u00e0 l&#039;abonnement\" \/>\n<\/p><div class=\"wpcf7-response-output\" aria-hidden=\"true\"><\/div>\n<\/form>\n<\/div>\n[\/et_pb_code][\/et_pb_column][\/et_pb_row][et_pb_row _builder_version=\u00a0\u00bb4.27.4&Prime; _module_preset=\u00a0\u00bbdefault\u00a0\u00bb global_colors_info=\u00a0\u00bb{}\u00a0\u00bb][et_pb_column type=\u00a0\u00bb4_4&Prime; _builder_version=\u00a0\u00bb4.27.4&Prime; _module_preset=\u00a0\u00bbdefault\u00a0\u00bb global_colors_info=\u00a0\u00bb{}\u00a0\u00bb][et_pb_divider show_divider=\u00a0\u00bboff\u00a0\u00bb _builder_version=\u00a0\u00bb4.27.4&Prime; _module_preset=\u00a0\u00bbdefault\u00a0\u00bb positioning=\u00a0\u00bbabsolute\u00a0\u00bb position_origin_a=\u00a0\u00bbbottom_left\u00a0\u00bb vertical_offset=\u00a0\u00bb-62px\u00a0\u00bb horizontal_offset=\u00a0\u00bb-103px\u00a0\u00bb position_origin_a_tablet=\u00a0\u00bbbottom_left\u00a0\u00bb position_origin_a_phone=\u00a0\u00bbbottom_left\u00a0\u00bb position_origin_a_last_edited=\u00a0\u00bbon|tablet\u00a0\u00bb position_origin_f_tablet=\u00a0\u00bb\u00a0\u00bb position_origin_f_phone=\u00a0\u00bb\u00a0\u00bb position_origin_f_last_edited=\u00a0\u00bbon|tablet\u00a0\u00bb position_origin_r_tablet=\u00a0\u00bb\u00a0\u00bb position_origin_r_phone=\u00a0\u00bb\u00a0\u00bb position_origin_r_last_edited=\u00a0\u00bbon|tablet\u00a0\u00bb width=\u00a0\u00bb50%\u00a0\u00bb height=\u00a0\u00bb50%\u00a0\u00bb height_tablet=\u00a0\u00bb40vw\u00a0\u00bb height_phone=\u00a0\u00bb40vw\u00a0\u00bb height_last_edited=\u00a0\u00bbon|tablet\u00a0\u00bb custom_margin=\u00a0\u00bb||-20px|-20px|false|false\u00a0\u00bb custom_margin_tablet=\u00a0\u00bb|||12px|false|false\u00a0\u00bb custom_margin_phone=\u00a0\u00bb|||12px|false|false\u00a0\u00bb custom_margin_last_edited=\u00a0\u00bbon|tablet\u00a0\u00bb positioning_tablet=\u00a0\u00bbnone\u00a0\u00bb positioning_phone=\u00a0\u00bbnone\u00a0\u00bb positioning_last_edited=\u00a0\u00bbon|tablet\u00a0\u00bb border_width_bottom=\u00a0\u00bb1px\u00a0\u00bb border_width_left=\u00a0\u00bb1px\u00a0\u00bb global_colors_info=\u00a0\u00bb{}\u00a0\u00bb][\/et_pb_divider][\/et_pb_column][\/et_pb_row][\/et_pb_section][et_pb_section fb_built=\u00a0\u00bb1&Prime; _builder_version=\u00a0\u00bb4.27.4&Prime; _module_preset=\u00a0\u00bbdefault\u00a0\u00bb use_background_color_gradient=\u00a0\u00bbon\u00a0\u00bb background_color_gradient_direction=\u00a0\u00bb304deg\u00a0\u00bb background_color_gradient_stops=\u00a0\u00bb#f9f4f1 42%|#c31622 43%\u00a0\u00bb custom_padding=\u00a0\u00bb54px|||||\u00a0\u00bb global_colors_info=\u00a0\u00bb{}\u00a0\u00bb][et_pb_row column_structure=\u00a0\u00bb2_3,1_3&Prime; _builder_version=\u00a0\u00bb4.27.4&Prime; _module_preset=\u00a0\u00bbdefault\u00a0\u00bb width=\u00a0\u00bb67.6%\u00a0\u00bb global_colors_info=\u00a0\u00bb{}\u00a0\u00bb][et_pb_column type=\u00a0\u00bb2_3&Prime; _builder_version=\u00a0\u00bb4.27.4&Prime; _module_preset=\u00a0\u00bbdefault\u00a0\u00bb global_colors_info=\u00a0\u00bb{}\u00a0\u00bb][et_pb_text _builder_version=\u00a0\u00bb4.27.4&Prime; _module_preset=\u00a0\u00bbdefault\u00a0\u00bb global_colors_info=\u00a0\u00bb{}\u00a0\u00bb]<\/p>\n<h1><span style=\"color: #ffffff;\">Restez connect\u00e9 \u00e0 l&rsquo;actualit\u00e9 valaisanne<\/span><\/h1>\n<p>[\/et_pb_text][\/et_pb_column][et_pb_column type=\u00a0\u00bb1_3&Prime; _builder_version=\u00a0\u00bb4.27.4&Prime; _module_preset=\u00a0\u00bbdefault\u00a0\u00bb global_colors_info=\u00a0\u00bb{}\u00a0\u00bb][et_pb_button button_text=\u00a0\u00bbJe m&rsquo;abonne\u00a0\u00bb _builder_version=\u00a0\u00bb4.27.4&Prime; _module_preset=\u00a0\u00bbdefault\u00a0\u00bb custom_button=\u00a0\u00bbon\u00a0\u00bb button_text_color=\u00a0\u00bb#FFFFFF\u00a0\u00bb button_bg_color=\u00a0\u00bb#e02b20&Prime; button_border_width=\u00a0\u00bb0px\u00a0\u00bb background_layout=\u00a0\u00bbdark\u00a0\u00bb global_colors_info=\u00a0\u00bb{}\u00a0\u00bb][\/et_pb_button][\/et_pb_column][\/et_pb_row][\/et_pb_section]<\/p>\n","protected":false},"excerpt":{"rendered":"<p>Tribune Economiquesouscrivez votre abonnement annuel au trimestriel Tribune Economique\n<div class=\"wpcf7 no-js\" id=\"wpcf7-f724-o2\" lang=\"fr-FR\" dir=\"ltr\" data-wpcf7-id=\"724\">\n<div class=\"screen-reader-response\"><p role=\"status\" aria-live=\"polite\" aria-atomic=\"true\"><\/p> <ul><\/ul><\/div>\n<form action=\"\/de\/wp-json\/wp\/v2\/pages\/727#wpcf7-f724-o2\" method=\"post\" class=\"wpcf7-form init\" aria-label=\"Formulaire de contact\" novalidate=\"novalidate\" data-status=\"init\" data-trp-original-action=\"\/de\/wp-json\/wp\/v2\/pages\/727#wpcf7-f724-o2\">\n<fieldset class=\"hidden-fields-container\"><input type=\"hidden\" name=\"_wpcf7\" value=\"724\" \/><input type=\"hidden\" name=\"_wpcf7_version\" value=\"6.1.5\" \/><input type=\"hidden\" name=\"_wpcf7_locale\" value=\"fr_FR\" \/><input type=\"hidden\" name=\"_wpcf7_unit_tag\" value=\"wpcf7-f724-o2\" \/><input type=\"hidden\" name=\"_wpcf7_container_post\" value=\"0\" \/><input type=\"hidden\" name=\"_wpcf7_posted_data_hash\" value=\"\" \/>\n<\/fieldset>\n<p><label> Politesse<br \/>\n<span class=\"wpcf7-form-control-wrap\" data-name=\"politesse\"><select class=\"wpcf7-form-control wpcf7-select wpcf7-validates-as-required\" aria-required=\"true\" aria-invalid=\"false\" name=\"politesse\"><option value=\"\">&#8212;Veuillez choisir une option&#8212;<\/option><option value=\"Madame\">Madame<\/option><option value=\"Monsieur\">Monsieur<\/option><\/select><\/span> <\/label>\n<\/p>\n<p><label for=\"your-name\">Nom<\/label><br \/>\n<span class=\"wpcf7-form-control-wrap\" data-name=\"your-name\"><input size=\"40\" maxlength=\"400\" class=\"wpcf7-form-control wpcf7-text wpcf7-validates-as-required\" aria-required=\"true\" aria-invalid=\"false\" placeholder=\"Votre nom\" value=\"\" type=\"text\" name=\"your-name\" \/><\/span>\n<\/p>\n<p><label for=\"your-surname\">Pr\u00e9nom<\/label><br \/>\n<span class=\"wpcf7-form-control-wrap\" data-name=\"your-surname\"><input size=\"40\" maxlength=\"400\" class=\"wpcf7-form-control wpcf7-text wpcf7-validates-as-required\" aria-required=\"true\" aria-invalid=\"false\" placeholder=\"Votre pr\u00e9nom\" value=\"\" type=\"text\" name=\"your-surname\" \/><\/span>\n<\/p>\n<p><label for=\"your-surname\">Entreprise (facultatif)<\/label><br \/>\n<span class=\"wpcf7-form-control-wrap\" data-name=\"your-entreprise\"><input size=\"40\" maxlength=\"400\" class=\"wpcf7-form-control wpcf7-text\" aria-invalid=\"false\" placeholder=\"Nom de votre entreprise\" value=\"\" type=\"text\" name=\"your-entreprise\" \/><\/span>\n<\/p>\n<p><label for=\"your-adresse\">Adresse<\/label><br \/>\n<span class=\"wpcf7-form-control-wrap\" data-name=\"your-adresse\"><input size=\"40\" maxlength=\"400\" class=\"wpcf7-form-control wpcf7-text wpcf7-validates-as-required\" aria-required=\"true\" aria-invalid=\"false\" placeholder=\"Rue et n\u00b0\" value=\"\" type=\"text\" name=\"your-adresse\" \/><\/span>\n<\/p>\n<p><label> NPA et Ville<br \/>\n<span class=\"wpcf7-form-control-wrap\" data-name=\"NP\"><input class=\"wpcf7-form-control wpcf7-number wpcf7-validates-as-required wpcf7-validates-as-number\" aria-required=\"true\" aria-invalid=\"false\" placeholder=\"1234\" value=\"\" type=\"number\" name=\"NP\" \/><\/span><\/label>\n<\/p>\n<p><label> <span class=\"wpcf7-form-control-wrap\" data-name=\"Localite\"><input size=\"40\" maxlength=\"400\" class=\"wpcf7-form-control wpcf7-text wpcf7-validates-as-required\" aria-required=\"true\" aria-invalid=\"false\" placeholder=\"Votre localit\u00e9\" value=\"\" type=\"text\" name=\"Localite\" \/><\/span><br \/>\n<\/label>\n<\/p>\n<p><label> Tel :<br \/>\n<span class=\"wpcf7-form-control-wrap\" data-name=\"Tel\"><input size=\"40\" maxlength=\"400\" class=\"wpcf7-form-control wpcf7-tel wpcf7-validates-as-required wpcf7-text wpcf7-validates-as-tel\" aria-required=\"true\" aria-invalid=\"false\" placeholder=\"N\u00b0 de t\u00e9l\u00e9phone\" value=\"\" type=\"tel\" name=\"Tel\" \/><\/span><\/label>\n<\/p>\n<p><label> Email :<br \/>\n<span class=\"wpcf7-form-control-wrap\" data-name=\"your-email\"><input size=\"40\" maxlength=\"400\" class=\"wpcf7-form-control wpcf7-email wpcf7-validates-as-required wpcf7-text wpcf7-validates-as-email\" aria-required=\"true\" aria-invalid=\"false\" placeholder=\"adresse e-mail\" value=\"\" type=\"email\" name=\"your-email\" \/><\/span><br \/>\n<\/label>\n<\/p>\n<p><label> Bulletin de commande - abonnement annuel<br \/>\n<span class=\"wpcf7-form-control-wrap\" data-name=\"checkbox-266\"><span class=\"wpcf7-form-control wpcf7-checkbox wpcf7-validates-as-required\"><span class=\"wpcf7-list-item first last\"><label><input type=\"checkbox\" name=\"checkbox-266[]\" value=\"Je souscris \u00e0 un abonnement annuel \u00e0 la Tribune Economique au prix de CHF 35.-\" \/><span class=\"wpcf7-list-item-label\">Je souscris \u00e0 un abonnement annuel \u00e0 la Tribune Economique au prix de CHF 35.-<\/span><\/label><\/span><\/span><\/span> <\/label>\n<\/p>\n<p><label> Votre message (facultatif)<br \/>\n<span class=\"wpcf7-form-control-wrap\" data-name=\"your-message\"><textarea cols=\"40\" rows=\"10\" maxlength=\"2000\" class=\"wpcf7-form-control wpcf7-textarea\" aria-invalid=\"false\" name=\"your-message\"><\/textarea><\/span> <\/label>\n<\/p>\n<p><input class=\"wpcf7-form-control wpcf7-submit has-spinner\" type=\"submit\" value=\"Souscrire \u00e0 l&#039;abonnement\" \/>\n<\/p><div class=\"wpcf7-response-output\" aria-hidden=\"true\"><\/div>\n<input type=\"hidden\" name=\"trp-form-language\" value=\"de\"\/><\/form>\n<\/div>\nBleiben Sie \u00fcber die aktuellen Ereignisse im Wallis auf dem Laufenden<\/p>","protected":false},"author":1,"featured_media":0,"parent":0,"menu_order":0,"comment_status":"closed","ping_status":"closed","template":"","meta":{"_et_pb_use_builder":"on","_et_pb_old_content":"","_et_gb_content_width":"","footnotes":""},"class_list":["post-727","page","type-page","status-publish","hentry"],"yoast_head":"<!-- This site is optimized with the Yoast SEO plugin v26.9 - https:\/\/yoast.com\/product\/yoast-seo-wordpress\/ -->\n<title>Bulletin commande Tribune Economique - UVAM<\/title>\n<meta name=\"robots\" content=\"index, follow, max-snippet:-1, max-image-preview:large, max-video-preview:-1\" \/>\n<link rel=\"canonical\" href=\"https:\/\/uvam-vs.ch\/de\/bulletin-commande-tribune-economique\/\" \/>\n<meta property=\"og:locale\" content=\"de_DE\" \/>\n<meta property=\"og:type\" content=\"article\" \/>\n<meta property=\"og:title\" content=\"Bulletin commande Tribune Economique - UVAM\" \/>\n<meta property=\"og:description\" content=\"Tribune Economiquesouscrivez votre abonnement annuel au trimestriel Tribune EconomiqueRestez connect\u00e9 \u00e0 l&#039;actualit\u00e9 valaisanne\" \/>\n<meta property=\"og:url\" content=\"https:\/\/uvam-vs.ch\/de\/bulletin-commande-tribune-economique\/\" \/>\n<meta property=\"og:site_name\" content=\"UVAM\" \/>\n<meta property=\"article:publisher\" content=\"https:\/\/www.facebook.com\/infouvam\" \/>\n<meta property=\"article:modified_time\" content=\"2025-10-21T14:04:27+00:00\" \/>\n<meta name=\"twitter:card\" content=\"summary_large_image\" \/>\n<meta name=\"twitter:label1\" content=\"Gesch\u00e4tzte Lesezeit\" \/>\n\t<meta name=\"twitter:data1\" content=\"3\u00a0Minuten\" \/>\n<script type=\"application\/ld+json\" class=\"yoast-schema-graph\">{\"@context\":\"https:\/\/schema.org\",\"@graph\":[{\"@type\":\"WebPage\",\"@id\":\"https:\/\/uvam-vs.ch\/bulletin-commande-tribune-economique\/\",\"url\":\"https:\/\/uvam-vs.ch\/bulletin-commande-tribune-economique\/\",\"name\":\"Bulletin commande Tribune Economique - UVAM\",\"isPartOf\":{\"@id\":\"https:\/\/uvam-vs.ch\/#website\"},\"datePublished\":\"2025-10-21T13:39:13+00:00\",\"dateModified\":\"2025-10-21T14:04:27+00:00\",\"breadcrumb\":{\"@id\":\"https:\/\/uvam-vs.ch\/bulletin-commande-tribune-economique\/#breadcrumb\"},\"inLanguage\":\"de\",\"potentialAction\":[{\"@type\":\"ReadAction\",\"target\":[\"https:\/\/uvam-vs.ch\/bulletin-commande-tribune-economique\/\"]}]},{\"@type\":\"BreadcrumbList\",\"@id\":\"https:\/\/uvam-vs.ch\/bulletin-commande-tribune-economique\/#breadcrumb\",\"itemListElement\":[{\"@type\":\"ListItem\",\"position\":1,\"name\":\"Accueil\",\"item\":\"https:\/\/uvam-vs.ch\/\"},{\"@type\":\"ListItem\",\"position\":2,\"name\":\"Bulletin commande Tribune Economique\"}]},{\"@type\":\"WebSite\",\"@id\":\"https:\/\/uvam-vs.ch\/#website\",\"url\":\"https:\/\/uvam-vs.ch\/\",\"name\":\"UVAM\",\"description\":\"\",\"publisher\":{\"@id\":\"https:\/\/uvam-vs.ch\/#organization\"},\"potentialAction\":[{\"@type\":\"SearchAction\",\"target\":{\"@type\":\"EntryPoint\",\"urlTemplate\":\"https:\/\/uvam-vs.ch\/?s={search_term_string}\"},\"query-input\":{\"@type\":\"PropertyValueSpecification\",\"valueRequired\":true,\"valueName\":\"search_term_string\"}}],\"inLanguage\":\"de\"},{\"@type\":\"Organization\",\"@id\":\"https:\/\/uvam-vs.ch\/#organization\",\"name\":\"UVAM\",\"url\":\"https:\/\/uvam-vs.ch\/\",\"logo\":{\"@type\":\"ImageObject\",\"inLanguage\":\"de\",\"@id\":\"https:\/\/uvam-vs.ch\/#\/schema\/logo\/image\/\",\"url\":\"https:\/\/uvam-vs.ch\/wp-content\/uploads\/2025\/06\/uvam-wgv_couleur.png\",\"contentUrl\":\"https:\/\/uvam-vs.ch\/wp-content\/uploads\/2025\/06\/uvam-wgv_couleur.png\",\"width\":1800,\"height\":1200,\"caption\":\"UVAM\"},\"image\":{\"@id\":\"https:\/\/uvam-vs.ch\/#\/schema\/logo\/image\/\"},\"sameAs\":[\"https:\/\/www.facebook.com\/infouvam\",\"https:\/\/www.linkedin.com\/company\/infouvam\"]}]}<\/script>\n<!-- \/ Yoast SEO plugin. -->","yoast_head_json":{"title":"Bulletin commande Tribune Economique - UVAM","robots":{"index":"index","follow":"follow","max-snippet":"max-snippet:-1","max-image-preview":"max-image-preview:large","max-video-preview":"max-video-preview:-1"},"canonical":"https:\/\/uvam-vs.ch\/de\/bulletin-commande-tribune-economique\/","og_locale":"de_DE","og_type":"article","og_title":"Bulletin commande Tribune Economique - UVAM","og_description":"Tribune Economiquesouscrivez votre abonnement annuel au trimestriel Tribune EconomiqueRestez connect\u00e9 \u00e0 l'actualit\u00e9 valaisanne","og_url":"https:\/\/uvam-vs.ch\/de\/bulletin-commande-tribune-economique\/","og_site_name":"UVAM","article_publisher":"https:\/\/www.facebook.com\/infouvam","article_modified_time":"2025-10-21T14:04:27+00:00","twitter_card":"summary_large_image","twitter_misc":{"Gesch\u00e4tzte Lesezeit":"3\u00a0Minuten"},"schema":{"@context":"https:\/\/schema.org","@graph":[{"@type":"WebPage","@id":"https:\/\/uvam-vs.ch\/bulletin-commande-tribune-economique\/","url":"https:\/\/uvam-vs.ch\/bulletin-commande-tribune-economique\/","name":"Bulletin commande Tribune Economique - UVAM","isPartOf":{"@id":"https:\/\/uvam-vs.ch\/#website"},"datePublished":"2025-10-21T13:39:13+00:00","dateModified":"2025-10-21T14:04:27+00:00","breadcrumb":{"@id":"https:\/\/uvam-vs.ch\/bulletin-commande-tribune-economique\/#breadcrumb"},"inLanguage":"de","potentialAction":[{"@type":"ReadAction","target":["https:\/\/uvam-vs.ch\/bulletin-commande-tribune-economique\/"]}]},{"@type":"BreadcrumbList","@id":"https:\/\/uvam-vs.ch\/bulletin-commande-tribune-economique\/#breadcrumb","itemListElement":[{"@type":"ListItem","position":1,"name":"Accueil","item":"https:\/\/uvam-vs.ch\/"},{"@type":"ListItem","position":2,"name":"Bulletin commande Tribune Economique"}]},{"@type":"WebSite","@id":"https:\/\/uvam-vs.ch\/#website","url":"https:\/\/uvam-vs.ch\/","name":"WGV","description":"","publisher":{"@id":"https:\/\/uvam-vs.ch\/#organization"},"potentialAction":[{"@type":"SearchAction","target":{"@type":"EntryPoint","urlTemplate":"https:\/\/uvam-vs.ch\/?s={search_term_string}"},"query-input":{"@type":"PropertyValueSpecification","valueRequired":true,"valueName":"search_term_string"}}],"inLanguage":"de"},{"@type":"Organization","@id":"https:\/\/uvam-vs.ch\/#organization","name":"WGV","url":"https:\/\/uvam-vs.ch\/","logo":{"@type":"ImageObject","inLanguage":"de","@id":"https:\/\/uvam-vs.ch\/#\/schema\/logo\/image\/","url":"https:\/\/uvam-vs.ch\/wp-content\/uploads\/2025\/06\/uvam-wgv_couleur.png","contentUrl":"https:\/\/uvam-vs.ch\/wp-content\/uploads\/2025\/06\/uvam-wgv_couleur.png","width":1800,"height":1200,"caption":"UVAM"},"image":{"@id":"https:\/\/uvam-vs.ch\/#\/schema\/logo\/image\/"},"sameAs":["https:\/\/www.facebook.com\/infouvam","https:\/\/www.linkedin.com\/company\/infouvam"]}]}},"_links":{"self":[{"href":"https:\/\/uvam-vs.ch\/de\/wp-json\/wp\/v2\/pages\/727","targetHints":{"allow":["GET"]}}],"collection":[{"href":"https:\/\/uvam-vs.ch\/de\/wp-json\/wp\/v2\/pages"}],"about":[{"href":"https:\/\/uvam-vs.ch\/de\/wp-json\/wp\/v2\/types\/page"}],"author":[{"embeddable":true,"href":"https:\/\/uvam-vs.ch\/de\/wp-json\/wp\/v2\/users\/1"}],"replies":[{"embeddable":true,"href":"https:\/\/uvam-vs.ch\/de\/wp-json\/wp\/v2\/comments?post=727"}],"version-history":[{"count":6,"href":"https:\/\/uvam-vs.ch\/de\/wp-json\/wp\/v2\/pages\/727\/revisions"}],"predecessor-version":[{"id":734,"href":"https:\/\/uvam-vs.ch\/de\/wp-json\/wp\/v2\/pages\/727\/revisions\/734"}],"wp:attachment":[{"href":"https:\/\/uvam-vs.ch\/de\/wp-json\/wp\/v2\/media?parent=727"}],"curies":[{"name":"wp","href":"https:\/\/api.w.org\/{rel}","templated":true}]}}